{"id":242,"date":"2025-08-25T04:47:34","date_gmt":"2025-08-25T04:47:34","guid":{"rendered":"https:\/\/justintimeplumbingva.com\/\/?page_id=242"},"modified":"2025-09-30T15:24:34","modified_gmt":"2025-09-30T19:24:34","slug":"home","status":"publish","type":"page","link":"https:\/\/justintimeplumbingva.com\/es\/","title":{"rendered":"Inicio"},"content":{"rendered":"<div data-elementor-type=\"wp-page\" data-elementor-id=\"242\" class=\"elementor elementor-242\" data-elementor-post-type=\"page\">\n\t\t\t\t<div class=\"elementor-element elementor-element-b024954 e-flex e-con-boxed e-con e-parent\" data-id=\"b024954\" data-element_type=\"container\" data-e-type=\"container\" data-settings=\"{&quot;background_background&quot;:&quot;classic&quot;}\">\n\t\t\t\t\t<div class=\"e-con-inner\">\n\t\t<div class=\"elementor-element elementor-element-6aedb14 e-con-full e-flex e-con e-child\" data-id=\"6aedb14\" data-element_type=\"container\" data-e-type=\"container\">\n\t\t\t\t<div class=\"elementor-element elementor-element-f49cd2e elementor-invisible elementor-widget elementor-widget-heading\" data-id=\"f49cd2e\" data-element_type=\"widget\" data-e-type=\"widget\" data-settings=\"{&quot;_animation&quot;:&quot;fadeInDown&quot;,&quot;_animation_delay&quot;:100}\" data-widget_type=\"heading.default\">\n\t\t\t\t\t<h1 class=\"elementor-heading-title elementor-size-default\"><span class=\"colortitulo\">R\u00e1pido, de Calidad, Fiable y Asequible<\/span> Plomer\u00eda Cuando Usted M\u00e1s Lo Necesita \n<\/h1>\t\t\t\t<\/div>\n\t\t\t\t<div class=\"elementor-element elementor-element-da61c3f elementor-widget elementor-widget-text-editor\" data-id=\"da61c3f\" data-element_type=\"widget\" data-e-type=\"widget\" data-widget_type=\"text-editor.default\">\n\t\t\t\t\t\t\t\t\t<p>\u00a0Desde reparaciones de emergencia hasta instalaciones profesionales de calentadores de agua, somos sus fontaneros locales de confianza.<\/p>\t\t\t\t\t\t\t\t<\/div>\n\t\t<div class=\"elementor-element elementor-element-41515e1 e-con-full e-flex e-con e-child\" data-id=\"41515e1\" data-element_type=\"container\" data-e-type=\"container\">\n\t\t\t\t<div class=\"elementor-element elementor-element-8561f5a elementor-tablet-align-center elementor-invisible elementor-widget elementor-widget-button\" data-id=\"8561f5a\" data-element_type=\"widget\" data-e-type=\"widget\" data-settings=\"{&quot;_animation&quot;:&quot;fadeIn&quot;,&quot;_animation_delay&quot;:300}\" data-widget_type=\"button.default\">\n\t\t\t\t\t\t\t\t\t\t<a class=\"elementor-button elementor-button-link elementor-size-sm\" href=\"tel:+17573762552\" target=\"_blank\">\n\t\t\t\t\t\t<span class=\"elementor-button-content-wrapper\">\n\t\t\t\t\t\t<span class=\"elementor-button-icon\">\n\t\t\t\t<svg aria-hidden=\"true\" class=\"e-font-icon-svg e-fas-phone-alt\" viewbox=\"0 0 512 512\" xmlns=\"http:\/\/www.w3.org\/2000\/svg\"><path d=\"M497.39 361.8l-112-48a24 24 0 0 0-28 6.9l-49.6 60.6A370.66 370.66 0 0 1 130.6 204.11l60.6-49.6a23.94 23.94 0 0 0 6.9-28l-48-112A24.16 24.16 0 0 0 122.6.61l-104 24A24 24 0 0 0 0 48c0 256.5 207.9 464 464 464a24 24 0 0 0 23.4-18.6l24-104a24.29 24.29 0 0 0-14.01-27.6z\"><\/path><\/svg>\t\t\t<\/span>\n\t\t\t\t\t\t\t\t\t<span class=\"elementor-button-text\">Llame Para Servicio Inmediato<\/span>\n\t\t\t\t\t<\/span>\n\t\t\t\t\t<\/a>\n\t\t\t\t\t\t\t\t<\/div>\n\t\t\t\t<div class=\"elementor-element elementor-element-e1ac126 elementor-tablet-align-center elementor-invisible elementor-widget elementor-widget-button\" data-id=\"e1ac126\" data-element_type=\"widget\" data-e-type=\"widget\" data-settings=\"{&quot;_animation&quot;:&quot;fadeIn&quot;,&quot;_animation_delay&quot;:300}\" data-widget_type=\"button.default\">\n\t\t\t\t\t\t\t\t\t\t<a class=\"elementor-button elementor-button-link elementor-size-sm\" href=\"https:\/\/justintimeplumbingva.com\/es\/contact-us\/\">\n\t\t\t\t\t\t<span class=\"elementor-button-content-wrapper\">\n\t\t\t\t\t\t<span class=\"elementor-button-icon\">\n\t\t\t\t<svg aria-hidden=\"true\" class=\"e-font-icon-svg e-fas-share\" viewbox=\"0 0 512 512\" xmlns=\"http:\/\/www.w3.org\/2000\/svg\"><path d=\"M503.691 189.836L327.687 37.851C312.281 24.546 288 35.347 288 56.015v80.053C127.371 137.907 0 170.1 0 322.326c0 61.441 39.581 122.309 83.333 154.132 13.653 9.931 33.111-2.533 28.077-18.631C66.066 312.814 132.917 274.316 288 272.085V360c0 20.7 24.3 31.453 39.687 18.164l176.004-152c11.071-9.562 11.086-26.753 0-36.328z\"><\/path><\/svg>\t\t\t<\/span>\n\t\t\t\t\t\t\t\t\t<span class=\"elementor-button-text\">Solicitar un presupuesto Gratuito en L\u00ednea<\/span>\n\t\t\t\t\t<\/span>\n\t\t\t\t\t<\/a>\n\t\t\t\t\t\t\t\t<\/div>\n\t\t\t\t<\/div>\n\t\t<div class=\"elementor-element elementor-element-992e8a4 e-con-full e-flex e-con e-child\" data-id=\"992e8a4\" data-element_type=\"container\" data-e-type=\"container\" data-settings=\"{&quot;background_background&quot;:&quot;classic&quot;,&quot;animation&quot;:&quot;none&quot;,&quot;animation_delay&quot;:100}\">\n\t\t\t\t<div class=\"elementor-element elementor-element-16d514d caja-icono elementor-position-top elementor-invisible elementor-widget elementor-widget-image-box\" data-id=\"16d514d\" data-element_type=\"widget\" data-e-type=\"widget\" data-settings=\"{&quot;_animation&quot;:&quot;fadeIn&quot;,&quot;_animation_delay&quot;:100}\" data-widget_type=\"image-box.default\">\n\t\t\t\t\t<div class=\"elementor-image-box-wrapper\"><figure class=\"elementor-image-box-img\"><img decoding=\"async\" width=\"200\" height=\"200\" src=\"https:\/\/justintimeplumbingva.com\/wp-content\/uploads\/2025\/08\/6.png\" class=\"attachment-medium size-medium wp-image-424\" alt=\"\" srcset=\"https:\/\/justintimeplumbingva.com\/wp-content\/uploads\/2025\/08\/6.png 200w, https:\/\/justintimeplumbingva.com\/wp-content\/uploads\/2025\/08\/6-150x150.png 150w\" sizes=\"(max-width: 200px) 100vw, 200px\" \/><\/figure><div class=\"elementor-image-box-content\"><div class=\"elementor-image-box-title\">Licensed &amp; Insured<\/div><\/div><\/div>\t\t\t\t<\/div>\n\t\t\t\t<div class=\"elementor-element elementor-element-0e9a098 caja-icono elementor-position-top elementor-invisible elementor-widget elementor-widget-image-box\" data-id=\"0e9a098\" data-element_type=\"widget\" data-e-type=\"widget\" data-settings=\"{&quot;_animation&quot;:&quot;fadeIn&quot;,&quot;_animation_delay&quot;:100}\" data-widget_type=\"image-box.default\">\n\t\t\t\t\t<div class=\"elementor-image-box-wrapper\"><figure class=\"elementor-image-box-img\"><img decoding=\"async\" width=\"200\" height=\"200\" src=\"https:\/\/justintimeplumbingva.com\/wp-content\/uploads\/2025\/08\/4-1.png\" class=\"attachment-medium size-medium wp-image-409\" alt=\"\" srcset=\"https:\/\/justintimeplumbingva.com\/wp-content\/uploads\/2025\/08\/4-1.png 200w, https:\/\/justintimeplumbingva.com\/wp-content\/uploads\/2025\/08\/4-1-150x150.png 150w\" sizes=\"(max-width: 200px) 100vw, 200px\" \/><\/figure><div class=\"elementor-image-box-content\"><div class=\"elementor-image-box-title\">Franco, Honesto Precios<\/div><\/div><\/div>\t\t\t\t<\/div>\n\t\t\t\t<div class=\"elementor-element elementor-element-8f37ceb caja-icono elementor-position-top elementor-invisible elementor-widget elementor-widget-image-box\" data-id=\"8f37ceb\" data-element_type=\"widget\" data-e-type=\"widget\" data-settings=\"{&quot;_animation&quot;:&quot;fadeIn&quot;,&quot;_animation_delay&quot;:100}\" data-widget_type=\"image-box.default\">\n\t\t\t\t\t<div class=\"elementor-image-box-wrapper\"><figure class=\"elementor-image-box-img\"><img decoding=\"async\" width=\"200\" height=\"200\" src=\"https:\/\/justintimeplumbingva.com\/wp-content\/uploads\/2025\/09\/Diseno-sin-titulo-2025-09-01T210203.059.webp\" class=\"attachment-medium size-medium wp-image-749\" alt=\"\" srcset=\"https:\/\/justintimeplumbingva.com\/wp-content\/uploads\/2025\/09\/Diseno-sin-titulo-2025-09-01T210203.059.webp 200w, https:\/\/justintimeplumbingva.com\/wp-content\/uploads\/2025\/09\/Diseno-sin-titulo-2025-09-01T210203.059-150x150.webp 150w\" sizes=\"(max-width: 200px) 100vw, 200px\" \/><\/figure><div class=\"elementor-image-box-content\"><div class=\"elementor-image-box-title\">5 Estrellas <\/div><\/div><\/div>\t\t\t\t<\/div>\n\t\t\t\t<div class=\"elementor-element elementor-element-f3c8268 caja-icono elementor-position-top elementor-invisible elementor-widget elementor-widget-image-box\" data-id=\"f3c8268\" data-element_type=\"widget\" data-e-type=\"widget\" data-settings=\"{&quot;_animation&quot;:&quot;fadeIn&quot;,&quot;_animation_delay&quot;:100}\" data-widget_type=\"image-box.default\">\n\t\t\t\t\t<div class=\"elementor-image-box-wrapper\"><figure class=\"elementor-image-box-img\"><img loading=\"lazy\" decoding=\"async\" width=\"200\" height=\"200\" src=\"https:\/\/justintimeplumbingva.com\/wp-content\/uploads\/2025\/09\/Diseno-sin-titulo-3.webp\" class=\"attachment-medium size-medium wp-image-1358\" alt=\"\" srcset=\"https:\/\/justintimeplumbingva.com\/wp-content\/uploads\/2025\/09\/Diseno-sin-titulo-3.webp 200w, https:\/\/justintimeplumbingva.com\/wp-content\/uploads\/2025\/09\/Diseno-sin-titulo-3-150x150.webp 150w, https:\/\/justintimeplumbingva.com\/wp-content\/uploads\/2025\/09\/Diseno-sin-titulo-3-12x12.webp 12w\" sizes=\"(max-width: 200px) 100vw, 200px\" \/><\/figure><div class=\"elementor-image-box-content\"><div class=\"elementor-image-box-title\">Better Business Bureau<\/div><\/div><\/div>\t\t\t\t<\/div>\n\t\t\t\t<div class=\"elementor-element elementor-element-cc6a0d9 caja-icono elementor-position-top elementor-invisible elementor-widget elementor-widget-image-box\" data-id=\"cc6a0d9\" data-element_type=\"widget\" data-e-type=\"widget\" data-settings=\"{&quot;_animation&quot;:&quot;fadeIn&quot;,&quot;_animation_delay&quot;:100}\" data-widget_type=\"image-box.default\">\n\t\t\t\t\t<div class=\"elementor-image-box-wrapper\"><figure class=\"elementor-image-box-img\"><img loading=\"lazy\" decoding=\"async\" width=\"200\" height=\"200\" src=\"https:\/\/justintimeplumbingva.com\/wp-content\/uploads\/2025\/08\/8.png\" class=\"attachment-medium size-medium wp-image-426\" alt=\"\" srcset=\"https:\/\/justintimeplumbingva.com\/wp-content\/uploads\/2025\/08\/8.png 200w, https:\/\/justintimeplumbingva.com\/wp-content\/uploads\/2025\/08\/8-150x150.png 150w\" sizes=\"(max-width: 200px) 100vw, 200px\" \/><\/figure><div class=\"elementor-image-box-content\"><div class=\"elementor-image-box-title\">Local Comentarios<\/div><\/div><\/div>\t\t\t\t<\/div>\n\t\t\t\t<\/div>\n\t\t\t\t<\/div>\n\t\t\t\t\t<\/div>\n\t\t\t\t<\/div>\n\t\t<div class=\"elementor-element elementor-element-c431b81 animated-fast e-flex e-con-boxed elementor-invisible e-con e-parent\" data-id=\"c431b81\" data-element_type=\"container\" data-e-type=\"container\" data-settings=\"{&quot;background_background&quot;:&quot;classic&quot;,&quot;animation&quot;:&quot;fadeIn&quot;}\">\n\t\t\t\t\t<div class=\"e-con-inner\">\n\t\t\t\t<div class=\"elementor-element elementor-element-bb50c61 elementor-widget elementor-widget-heading\" data-id=\"bb50c61\" data-element_type=\"widget\" data-e-type=\"widget\" data-widget_type=\"heading.default\">\n\t\t\t\t\t<h2 class=\"elementor-heading-title elementor-size-default\">Servicios<\/h2>\t\t\t\t<\/div>\n\t\t<div class=\"elementor-element elementor-element-64f4d31 e-con-full e-grid e-con e-child\" data-id=\"64f4d31\" data-element_type=\"container\" data-e-type=\"container\">\n\t\t<a class=\"elementor-element elementor-element-81fb122 e-con-full e-flex elementor-invisible e-con e-child\" data-id=\"81fb122\" data-element_type=\"container\" data-e-type=\"container\" data-settings=\"{&quot;background_background&quot;:&quot;classic&quot;,&quot;animation&quot;:&quot;fadeInLeft&quot;,&quot;animation_delay&quot;:100}\" href=\"https:\/\/justintimeplumbingva.com\/es\/water-heater-repair-installation\/\">\n\t\t\t\t<div class=\"elementor-element elementor-element-7900ce2 elementor-widget__width-initial elementor-widget elementor-widget-image\" data-id=\"7900ce2\" data-element_type=\"widget\" data-e-type=\"widget\" data-widget_type=\"image.default\">\n\t\t\t\t\t\t\t\t\t\t\t\t\t\t\t<img loading=\"lazy\" decoding=\"async\" width=\"200\" height=\"200\" src=\"https:\/\/justintimeplumbingva.com\/wp-content\/uploads\/2025\/09\/asdasd.webp\" class=\"attachment-medium size-medium wp-image-750\" alt=\"\" srcset=\"https:\/\/justintimeplumbingva.com\/wp-content\/uploads\/2025\/09\/asdasd.webp 200w, https:\/\/justintimeplumbingva.com\/wp-content\/uploads\/2025\/09\/asdasd-150x150.webp 150w\" sizes=\"(max-width: 200px) 100vw, 200px\" \/>\t\t\t\t\t\t\t\t\t\t\t\t\t\t\t<\/div>\n\t\t<div class=\"elementor-element elementor-element-9834b20 e-con-full e-flex e-con e-child\" data-id=\"9834b20\" data-element_type=\"container\" data-e-type=\"container\">\n\t\t\t\t<div class=\"elementor-element elementor-element-1fc3df0 elementor-widget elementor-widget-heading\" data-id=\"1fc3df0\" data-element_type=\"widget\" data-e-type=\"widget\" data-widget_type=\"heading.default\">\n\t\t\t\t\t<h3 class=\"elementor-heading-title elementor-size-default\">Los Calentadores De Agua<\/h3>\t\t\t\t<\/div>\n\t\t\t\t<div class=\"elementor-element elementor-element-c699ae2 elementor-widget elementor-widget-text-editor\" data-id=\"c699ae2\" data-element_type=\"widget\" data-e-type=\"widget\" data-widget_type=\"text-editor.default\">\n\t\t\t\t\t\t\t\t\t<p data-start=\"214\" data-end=\"350\"><span style=\"color: #ff6600;\"><strong><span style=\"color: #000000;\">No hay agua caliente?<\/span>\u00a0<\/strong><\/span> Nos reparar e instalar todos los modelos, incluyendo el tanque. Servicio r\u00e1pido<br \/>para obtener el agua caliente de la espalda en el d\u00eda de hoy.<\/p>\t\t\t\t\t\t\t\t<\/div>\n\t\t\t\t<\/div>\n\t\t\t\t<\/a>\n\t\t<a class=\"elementor-element elementor-element-78a7e01 e-con-full e-flex elementor-invisible e-con e-child\" data-id=\"78a7e01\" data-element_type=\"container\" data-e-type=\"container\" data-settings=\"{&quot;background_background&quot;:&quot;classic&quot;,&quot;animation&quot;:&quot;fadeInRight&quot;,&quot;animation_delay&quot;:100}\" href=\"https:\/\/justintimeplumbingva.com\/es\/sewer-drain-services\/\">\n\t\t\t\t<div class=\"elementor-element elementor-element-206af22 elementor-widget__width-initial elementor-widget elementor-widget-image\" data-id=\"206af22\" data-element_type=\"widget\" data-e-type=\"widget\" data-widget_type=\"image.default\">\n\t\t\t\t\t\t\t\t\t\t\t\t\t\t\t<img loading=\"lazy\" decoding=\"async\" width=\"200\" height=\"200\" src=\"https:\/\/justintimeplumbingva.com\/wp-content\/uploads\/2025\/09\/asdasd-1.webp\" class=\"attachment-medium size-medium wp-image-751\" alt=\"\" srcset=\"https:\/\/justintimeplumbingva.com\/wp-content\/uploads\/2025\/09\/asdasd-1.webp 200w, https:\/\/justintimeplumbingva.com\/wp-content\/uploads\/2025\/09\/asdasd-1-150x150.webp 150w\" sizes=\"(max-width: 200px) 100vw, 200px\" \/>\t\t\t\t\t\t\t\t\t\t\t\t\t\t\t<\/div>\n\t\t<div class=\"elementor-element elementor-element-4a2df68 e-con-full e-flex e-con e-child\" data-id=\"4a2df68\" data-element_type=\"container\" data-e-type=\"container\">\n\t\t\t\t<div class=\"elementor-element elementor-element-01bb22b elementor-widget elementor-widget-heading\" data-id=\"01bb22b\" data-element_type=\"widget\" data-e-type=\"widget\" data-widget_type=\"heading.default\">\n\t\t\t\t\t<h3 class=\"elementor-heading-title elementor-size-default\">Alcantarillado Y Drenaje<\/h3>\t\t\t\t<\/div>\n\t\t\t\t<div class=\"elementor-element elementor-element-95eca76 elementor-widget elementor-widget-text-editor\" data-id=\"95eca76\" data-element_type=\"widget\" data-e-type=\"widget\" data-widget_type=\"text-editor.default\">\n\t\t\t\t\t\t\t\t\t<p data-start=\"352\" data-end=\"491\"><span style=\"color: #000000;\"><strong>\u00bfAtascos persistentes, desag\u00fces lentos o atascos en las tuber\u00edas de alcantarillado?<\/strong><\/span> Tenemos la tecnolog\u00eda para<br \/>claro que a la derecha la primera vez.<\/p>\t\t\t\t\t\t\t\t<\/div>\n\t\t\t\t<\/div>\n\t\t\t\t<\/a>\n\t\t<a class=\"elementor-element elementor-element-7da470a e-con-full e-flex elementor-invisible e-con e-child\" data-id=\"7da470a\" data-element_type=\"container\" data-e-type=\"container\" data-settings=\"{&quot;background_background&quot;:&quot;classic&quot;,&quot;animation&quot;:&quot;fadeInLeft&quot;,&quot;animation_delay&quot;:100}\" href=\"https:\/\/justintimeplumbingva.com\/es\/emergency-plumbing\/\">\n\t\t\t\t<div class=\"elementor-element elementor-element-7f72bcf elementor-widget__width-initial elementor-widget elementor-widget-image\" data-id=\"7f72bcf\" data-element_type=\"widget\" data-e-type=\"widget\" data-widget_type=\"image.default\">\n\t\t\t\t\t\t\t\t\t\t\t\t\t\t\t<img loading=\"lazy\" decoding=\"async\" width=\"200\" height=\"200\" src=\"https:\/\/justintimeplumbingva.com\/wp-content\/uploads\/2025\/09\/asdasd-2.webp\" class=\"attachment-medium size-medium wp-image-752\" alt=\"\" srcset=\"https:\/\/justintimeplumbingva.com\/wp-content\/uploads\/2025\/09\/asdasd-2.webp 200w, https:\/\/justintimeplumbingva.com\/wp-content\/uploads\/2025\/09\/asdasd-2-150x150.webp 150w\" sizes=\"(max-width: 200px) 100vw, 200px\" \/>\t\t\t\t\t\t\t\t\t\t\t\t\t\t\t<\/div>\n\t\t<div class=\"elementor-element elementor-element-aca8611 e-con-full e-flex e-con e-child\" data-id=\"aca8611\" data-element_type=\"container\" data-e-type=\"container\">\n\t\t\t\t<div class=\"elementor-element elementor-element-e10735c elementor-widget elementor-widget-heading\" data-id=\"e10735c\" data-element_type=\"widget\" data-e-type=\"widget\" data-widget_type=\"heading.default\">\n\t\t\t\t\t<h3 class=\"elementor-heading-title elementor-size-default\">Emergencia De Plomer\u00eda<\/h3>\t\t\t\t<\/div>\n\t\t\t\t<div class=\"elementor-element elementor-element-3c2d474 elementor-widget elementor-widget-text-editor\" data-id=\"3c2d474\" data-element_type=\"widget\" data-e-type=\"widget\" data-widget_type=\"text-editor.default\">\n\t\t\t\t\t\t\t\t\t<p data-start=\"493\" data-end=\"611\"><span style=\"color: #000000;\"><strong>Rotura de una tuber\u00eda? Importante fuga?<\/strong><\/span> .No espere a que el da\u00f1o a empeorar \u2013 ll\u00e1menos<br \/>ahora.<\/p>\t\t\t\t\t\t\t\t<\/div>\n\t\t\t\t<\/div>\n\t\t\t\t<\/a>\n\t\t<a class=\"elementor-element elementor-element-d45d313 e-con-full e-flex elementor-invisible e-con e-child\" data-id=\"d45d313\" data-element_type=\"container\" data-e-type=\"container\" data-settings=\"{&quot;background_background&quot;:&quot;classic&quot;,&quot;animation&quot;:&quot;fadeInRight&quot;,&quot;animation_delay&quot;:100}\" href=\"https:\/\/justintimeplumbingva.com\/es\/general-plumbing\/\">\n\t\t\t\t<div class=\"elementor-element elementor-element-5107552 elementor-widget__width-initial elementor-widget elementor-widget-image\" data-id=\"5107552\" data-element_type=\"widget\" data-e-type=\"widget\" data-widget_type=\"image.default\">\n\t\t\t\t\t\t\t\t\t\t\t\t\t\t\t<img loading=\"lazy\" decoding=\"async\" width=\"200\" height=\"200\" src=\"https:\/\/justintimeplumbingva.com\/wp-content\/uploads\/2025\/09\/asdasd-4.webp\" class=\"attachment-medium size-medium wp-image-753\" alt=\"\" srcset=\"https:\/\/justintimeplumbingva.com\/wp-content\/uploads\/2025\/09\/asdasd-4.webp 200w, https:\/\/justintimeplumbingva.com\/wp-content\/uploads\/2025\/09\/asdasd-4-150x150.webp 150w\" sizes=\"(max-width: 200px) 100vw, 200px\" \/>\t\t\t\t\t\t\t\t\t\t\t\t\t\t\t<\/div>\n\t\t<div class=\"elementor-element elementor-element-fee2cdd e-con-full e-flex e-con e-child\" data-id=\"fee2cdd\" data-element_type=\"container\" data-e-type=\"container\">\n\t\t\t\t<div class=\"elementor-element elementor-element-e09288c elementor-widget elementor-widget-heading\" data-id=\"e09288c\" data-element_type=\"widget\" data-e-type=\"widget\" data-widget_type=\"heading.default\">\n\t\t\t\t\t<h3 class=\"elementor-heading-title elementor-size-default\">Fontaner\u00eda general<\/h3>\t\t\t\t<\/div>\n\t\t\t\t<div class=\"elementor-element elementor-element-5455cfc elementor-widget elementor-widget-text-editor\" data-id=\"5455cfc\" data-element_type=\"widget\" data-e-type=\"widget\" data-widget_type=\"text-editor.default\">\n\t\t\t\t\t\t\t\t\t<p data-start=\"613\" data-end=\"739\">De los grifos que gotean y ejecuci\u00f3n de servicios para la disposici\u00f3n de basura reparaci\u00f3n, <strong><span style=\"color: #000000;\">nos encargamos de toda la plomer\u00eda de su casa necesita<\/span>.<\/strong><\/p>\t\t\t\t\t\t\t\t<\/div>\n\t\t\t\t<\/div>\n\t\t\t\t<\/a>\n\t\t<a class=\"elementor-element elementor-element-f55968d e-con-full e-flex elementor-invisible e-con e-child\" data-id=\"f55968d\" data-element_type=\"container\" data-e-type=\"container\" data-settings=\"{&quot;background_background&quot;:&quot;classic&quot;,&quot;animation&quot;:&quot;fadeInLeft&quot;,&quot;animation_delay&quot;:100}\" href=\"https:\/\/justintimeplumbingva.com\/es\/gas-line-services\/\">\n\t\t\t\t<div class=\"elementor-element elementor-element-c9885a0 elementor-widget__width-initial elementor-widget elementor-widget-image\" data-id=\"c9885a0\" data-element_type=\"widget\" data-e-type=\"widget\" data-widget_type=\"image.default\">\n\t\t\t\t\t\t\t\t\t\t\t\t\t\t\t<img loading=\"lazy\" decoding=\"async\" width=\"200\" height=\"200\" src=\"https:\/\/justintimeplumbingva.com\/wp-content\/uploads\/2025\/09\/asdasd-5.webp\" class=\"attachment-medium size-medium wp-image-754\" alt=\"\" srcset=\"https:\/\/justintimeplumbingva.com\/wp-content\/uploads\/2025\/09\/asdasd-5.webp 200w, https:\/\/justintimeplumbingva.com\/wp-content\/uploads\/2025\/09\/asdasd-5-150x150.webp 150w\" sizes=\"(max-width: 200px) 100vw, 200px\" \/>\t\t\t\t\t\t\t\t\t\t\t\t\t\t\t<\/div>\n\t\t<div class=\"elementor-element elementor-element-3abe8a0 e-con-full e-flex e-con e-child\" data-id=\"3abe8a0\" data-element_type=\"container\" data-e-type=\"container\">\n\t\t\t\t<div class=\"elementor-element elementor-element-54944b4 elementor-widget elementor-widget-heading\" data-id=\"54944b4\" data-element_type=\"widget\" data-e-type=\"widget\" data-widget_type=\"heading.default\">\n\t\t\t\t\t<h3 class=\"elementor-heading-title elementor-size-default\">L\u00edneas De Gas<\/h3>\t\t\t\t<\/div>\n\t\t\t\t<div class=\"elementor-element elementor-element-a9966b8 elementor-widget elementor-widget-text-editor\" data-id=\"a9966b8\" data-element_type=\"widget\" data-e-type=\"widget\" data-widget_type=\"text-editor.default\">\n\t\t\t\t\t\t\t\t\t<p data-start=\"613\" data-end=\"739\">Seguro y profesional de Instalaci\u00f3n, Reparaci\u00f3n, y Mantenimiento de l\u00edneas de gas. <span style=\"color: #000000;\"><strong>No corre el riesgo de<\/strong><\/span><br \/><span style=\"color: #000000;\"><strong>ll\u00e1menos hoy para la paz de la mente.<\/strong><\/span><\/p>\t\t\t\t\t\t\t\t<\/div>\n\t\t\t\t<\/div>\n\t\t\t\t<\/a>\n\t\t<a class=\"elementor-element elementor-element-89db9b3 e-con-full e-flex elementor-invisible e-con e-child\" data-id=\"89db9b3\" data-element_type=\"container\" data-e-type=\"container\" data-settings=\"{&quot;background_background&quot;:&quot;classic&quot;,&quot;animation&quot;:&quot;fadeInRight&quot;,&quot;animation_delay&quot;:100}\" href=\"https:\/\/justintimeplumbingva.com\/es\/water-line-services\/\">\n\t\t\t\t<div class=\"elementor-element elementor-element-dcd450e elementor-widget__width-initial elementor-widget elementor-widget-image\" data-id=\"dcd450e\" data-element_type=\"widget\" data-e-type=\"widget\" data-widget_type=\"image.default\">\n\t\t\t\t\t\t\t\t\t\t\t\t\t\t\t<img loading=\"lazy\" decoding=\"async\" width=\"200\" height=\"200\" src=\"https:\/\/justintimeplumbingva.com\/wp-content\/uploads\/2025\/09\/Reparacion-de-grifos.webp\" class=\"attachment-medium size-medium wp-image-1069\" alt=\"\" srcset=\"https:\/\/justintimeplumbingva.com\/wp-content\/uploads\/2025\/09\/Reparacion-de-grifos.webp 200w, https:\/\/justintimeplumbingva.com\/wp-content\/uploads\/2025\/09\/Reparacion-de-grifos-150x150.webp 150w\" sizes=\"(max-width: 200px) 100vw, 200px\" \/>\t\t\t\t\t\t\t\t\t\t\t\t\t\t\t<\/div>\n\t\t<div class=\"elementor-element elementor-element-91d8238 e-con-full e-flex e-con e-child\" data-id=\"91d8238\" data-element_type=\"container\" data-e-type=\"container\">\n\t\t\t\t<div class=\"elementor-element elementor-element-4cb0e00 elementor-widget elementor-widget-heading\" data-id=\"4cb0e00\" data-element_type=\"widget\" data-e-type=\"widget\" data-widget_type=\"heading.default\">\n\t\t\t\t\t<h3 class=\"elementor-heading-title elementor-size-default\">L\u00edneas de Agua<\/h3>\t\t\t\t<\/div>\n\t\t\t\t<div class=\"elementor-element elementor-element-6e4ecd6 elementor-widget elementor-widget-text-editor\" data-id=\"6e4ecd6\" data-element_type=\"widget\" data-e-type=\"widget\" data-widget_type=\"text-editor.default\">\n\t\t\t\t\t\t\t\t\t<p data-start=\"613\" data-end=\"739\">\u00bfPresi\u00f3n baja, facturas de agua elevadas o charcos en el jard\u00edn? Nos especializamos en la reparaci\u00f3n y reemplazo de l\u00edneas principales de agua. <strong>Protege tu propiedad de una fuga da\u00f1ina<\/strong>\u2014<strong>ll\u00e1manos hoy mismo para una soluci\u00f3n experta.<\/strong><\/p>\t\t\t\t\t\t\t\t<\/div>\n\t\t\t\t<\/div>\n\t\t\t\t<\/a>\n\t\t\t\t<\/div>\n\t\t\t\t\t<\/div>\n\t\t\t\t<\/div>\n\t\t\t\t<\/div>","protected":false},"excerpt":{"rendered":"<p>Fast, Quality, Reliable, and Affordable Plumbing When You Need It Most \u00a0From Emergency Repairs to Expert Water Heater Installations, We&#8217;re Your Trusted Local Plumbers. Call For Immediate Service Request a Free Estimate Online Licensed &amp; Insured Upfront, Honest Pricing 5-Star Better Business Bureau Local Reviews Services Water Heaters No hot water?\u00a0 We repair and install [&hellip;]<\/p>","protected":false},"author":2,"featured_media":0,"parent":0,"menu_order":0,"comment_status":"closed","ping_status":"closed","template":"","meta":{"footnotes":""},"class_list":["post-242","page","type-page","status-publish","hentry"],"_links":{"self":[{"href":"https:\/\/justintimeplumbingva.com\/es\/wp-json\/wp\/v2\/pages\/242","targetHints":{"allow":["GET"]}}],"collection":[{"href":"https:\/\/justintimeplumbingva.com\/es\/wp-json\/wp\/v2\/pages"}],"about":[{"href":"https:\/\/justintimeplumbingva.com\/es\/wp-json\/wp\/v2\/types\/page"}],"author":[{"embeddable":true,"href":"https:\/\/justintimeplumbingva.com\/es\/wp-json\/wp\/v2\/users\/2"}],"replies":[{"embeddable":true,"href":"https:\/\/justintimeplumbingva.com\/es\/wp-json\/wp\/v2\/comments?post=242"}],"version-history":[{"count":333,"href":"https:\/\/justintimeplumbingva.com\/es\/wp-json\/wp\/v2\/pages\/242\/revisions"}],"predecessor-version":[{"id":1477,"href":"https:\/\/justintimeplumbingva.com\/es\/wp-json\/wp\/v2\/pages\/242\/revisions\/1477"}],"wp:attachment":[{"href":"https:\/\/justintimeplumbingva.com\/es\/wp-json\/wp\/v2\/media?parent=242"}],"curies":[{"name":"wp","href":"https:\/\/api.w.org\/{rel}","templated":true}]}}