{"id":336,"date":"2025-08-25T05:13:45","date_gmt":"2025-08-25T05:13:45","guid":{"rendered":"https:\/\/justintimeplumbingva.com\/\/?page_id=336"},"modified":"2025-09-29T15:17:14","modified_gmt":"2025-09-29T15:17:14","slug":"about-us","status":"publish","type":"page","link":"https:\/\/justintimeplumbingva.com\/es\/about-us\/","title":{"rendered":"Acerca De Nosotros"},"content":{"rendered":"<div data-elementor-type=\"wp-page\" data-elementor-id=\"336\" class=\"elementor elementor-336\" data-elementor-post-type=\"page\">\n\t\t\t\t<div class=\"elementor-element elementor-element-2601027 e-flex e-con-boxed e-con e-parent\" data-id=\"2601027\" data-element_type=\"container\" data-e-type=\"container\" data-settings=\"{&quot;background_background&quot;:&quot;classic&quot;}\">\n\t\t\t\t\t<div class=\"e-con-inner\">\n\t\t<div class=\"elementor-element elementor-element-7c04344 e-con-full e-flex e-con e-child\" data-id=\"7c04344\" data-element_type=\"container\" data-e-type=\"container\">\n\t\t\t\t<div class=\"elementor-element elementor-element-78b9404 elementor-invisible elementor-widget elementor-widget-heading\" data-id=\"78b9404\" data-element_type=\"widget\" data-e-type=\"widget\" data-settings=\"{&quot;_animation&quot;:&quot;fadeInDown&quot;,&quot;_animation_delay&quot;:100}\" data-widget_type=\"heading.default\">\n\t\t\t\t\t<h1 class=\"elementor-heading-title elementor-size-default\">Tus <span class=\"colortitulo\">Fontaneros de confianza<\/span>\n<\/h1>\t\t\t\t<\/div>\n\t\t\t\t<div class=\"elementor-element elementor-element-c6f4f54 elementor-widget__width-initial elementor-widget elementor-widget-text-editor\" data-id=\"c6f4f54\" data-element_type=\"widget\" data-e-type=\"widget\" data-widget_type=\"text-editor.default\">\n\t\t\t\t\t\t\t\t\t<p>En Just in Time Plumbing creemos que un apret\u00f3n de manos sigue teniendo significado y que tu palabra es tu compromiso. Esa es la base sobre la que se fund\u00f3 Just In Time Plumbing. No somos una gran corporaci\u00f3n an\u00f3nima, sino una empresa familiar local situada aqu\u00ed mismo, en tu comunidad. El nombre \u00abJust In Time\u00bb no es solo una frase ingeniosa, sino nuestra promesa fundamental hacia ti.<\/p>\t\t\t\t\t\t\t\t<\/div>\n\t\t\t\t<\/div>\n\t\t\t\t\t<\/div>\n\t\t\t\t<\/div>\n\t\t<div class=\"elementor-element elementor-element-a7f4e4f e-flex e-con-boxed e-con e-parent\" data-id=\"a7f4e4f\" data-element_type=\"container\" data-e-type=\"container\">\n\t\t\t\t\t<div class=\"e-con-inner\">\n\t\t<div class=\"elementor-element elementor-element-2114f60 e-con-full e-flex e-con e-child\" data-id=\"2114f60\" data-element_type=\"container\" data-e-type=\"container\">\n\t\t\t\t<div class=\"elementor-element elementor-element-3ed4e62 elementor-widget__width-initial elementor-widget elementor-widget-heading\" data-id=\"3ed4e62\" data-element_type=\"widget\" data-e-type=\"widget\" data-widget_type=\"heading.default\">\n\t\t\t\t\t<h2 class=\"elementor-heading-title elementor-size-default\">Nuestro Compromiso con Cada Cliente\n<\/h2>\t\t\t\t<\/div>\n\t\t\t\t<div class=\"elementor-element elementor-element-bf36618 elementor-widget elementor-widget-text-editor\" data-id=\"bf36618\" data-element_type=\"widget\" data-e-type=\"widget\" data-widget_type=\"text-editor.default\">\n\t\t\t\t\t\t\t\t\t<p>Cuando nos llama, nos conf\u00eda la comodidad y la seguridad de su hogar. Nos tomamos eso muy en serio.<br \/>Responsabilidad. Esto es lo que siempre puedes esperar de la <strong>Familia Just In Time Plumbing<\/strong>:<\/p>\t\t\t\t\t\t\t\t<\/div>\n\t\t<div class=\"elementor-element elementor-element-227c349 e-con-full e-grid e-con e-child\" data-id=\"227c349\" data-element_type=\"container\" data-e-type=\"container\">\n\t\t<div class=\"elementor-element elementor-element-a888fb2 e-con-full e-flex elementor-invisible e-con e-child\" data-id=\"a888fb2\" data-element_type=\"container\" data-e-type=\"container\" data-settings=\"{&quot;background_background&quot;:&quot;classic&quot;,&quot;animation&quot;:&quot;fadeIn&quot;,&quot;animation_delay&quot;:100}\">\n\t\t\t\t<div class=\"elementor-element elementor-element-fb7d389 elementor-widget__width-initial elementor-widget elementor-widget-image\" data-id=\"fb7d389\" data-element_type=\"widget\" data-e-type=\"widget\" data-widget_type=\"image.default\">\n\t\t\t\t\t\t\t\t\t\t\t\t\t\t\t<img decoding=\"async\" width=\"200\" height=\"200\" src=\"https:\/\/justintimeplumbingva.com\/wp-content\/uploads\/2025\/08\/4-1.png\" class=\"attachment-medium size-medium wp-image-409\" alt=\"\" srcset=\"https:\/\/justintimeplumbingva.com\/wp-content\/uploads\/2025\/08\/4-1.png 200w, https:\/\/justintimeplumbingva.com\/wp-content\/uploads\/2025\/08\/4-1-150x150.png 150w\" sizes=\"(max-width: 200px) 100vw, 200px\" \/>\t\t\t\t\t\t\t\t\t\t\t\t\t\t\t<\/div>\n\t\t<div class=\"elementor-element elementor-element-8ad159b e-con-full e-flex e-con e-child\" data-id=\"8ad159b\" data-element_type=\"container\" data-e-type=\"container\">\n\t\t\t\t<div class=\"elementor-element elementor-element-9e2ab9d elementor-widget elementor-widget-heading\" data-id=\"9e2ab9d\" data-element_type=\"widget\" data-e-type=\"widget\" data-widget_type=\"heading.default\">\n\t\t\t\t\t<h3 class=\"elementor-heading-title elementor-size-default\">Fiabilidad en la que puede confiar<\/h3>\t\t\t\t<\/div>\n\t\t\t\t<div class=\"elementor-element elementor-element-9543e30 elementor-widget elementor-widget-text-editor\" data-id=\"9543e30\" data-element_type=\"widget\" data-e-type=\"widget\" data-widget_type=\"text-editor.default\">\n\t\t\t\t\t\t\t\t\t<p data-start=\"156\" data-end=\"253\">Sabemos que su tiempo es valioso. Llegamos cuando decimos que vamos, comunicar con claridad sobre el trabajo que se necesitan, y se centran en conseguir el trabajo hecho a la derecha la primera vez. Estamos aqu\u00ed para usted cuando usted nos necesite, especialmente durante una emergencia.<\/p>\t\t\t\t\t\t\t\t<\/div>\n\t\t\t\t<\/div>\n\t\t\t\t<\/div>\n\t\t<div class=\"elementor-element elementor-element-9047281 e-con-full e-flex elementor-invisible e-con e-child\" data-id=\"9047281\" data-element_type=\"container\" data-e-type=\"container\" data-settings=\"{&quot;background_background&quot;:&quot;classic&quot;,&quot;animation&quot;:&quot;fadeIn&quot;,&quot;animation_delay&quot;:200}\">\n\t\t\t\t<div class=\"elementor-element elementor-element-fc1212e elementor-widget__width-initial elementor-widget elementor-widget-image\" data-id=\"fc1212e\" data-element_type=\"widget\" data-e-type=\"widget\" data-widget_type=\"image.default\">\n\t\t\t\t\t\t\t\t\t\t\t\t\t\t\t<img decoding=\"async\" width=\"200\" height=\"200\" src=\"https:\/\/justintimeplumbingva.com\/wp-content\/uploads\/2025\/09\/asdasd-7.webp\" class=\"attachment-medium size-medium wp-image-969\" alt=\"\" srcset=\"https:\/\/justintimeplumbingva.com\/wp-content\/uploads\/2025\/09\/asdasd-7.webp 200w, https:\/\/justintimeplumbingva.com\/wp-content\/uploads\/2025\/09\/asdasd-7-150x150.webp 150w\" sizes=\"(max-width: 200px) 100vw, 200px\" \/>\t\t\t\t\t\t\t\t\t\t\t\t\t\t\t<\/div>\n\t\t<div class=\"elementor-element elementor-element-d47dd77 e-con-full e-flex e-con e-child\" data-id=\"d47dd77\" data-element_type=\"container\" data-e-type=\"container\">\n\t\t\t\t<div class=\"elementor-element elementor-element-a1bc6b1 elementor-widget elementor-widget-heading\" data-id=\"a1bc6b1\" data-element_type=\"widget\" data-e-type=\"widget\" data-widget_type=\"heading.default\">\n\t\t\t\t\t<h3 class=\"elementor-heading-title elementor-size-default\">Precios asequibles y transparentes<\/h3>\t\t\t\t<\/div>\n\t\t\t\t<div class=\"elementor-element elementor-element-7292000 elementor-widget elementor-widget-text-editor\" data-id=\"7292000\" data-element_type=\"widget\" data-e-type=\"widget\" data-widget_type=\"text-editor.default\">\n\t\t\t\t\t\t\t\t\t<p data-start=\"258\" data-end=\"338\">Creemos que honesto, de alta calidad de plomer\u00eda no deben romper el banco. Ofrecemos claro, precios por adelantado antes de que se inicie cualquier trabajo. No hay cargos ocultos y no hay sorpresas de \u00faltima hora. Justo, transparente costos por el servicio profesional.<\/p>\t\t\t\t\t\t\t\t<\/div>\n\t\t\t\t<\/div>\n\t\t\t\t<\/div>\n\t\t<div class=\"elementor-element elementor-element-ff8ee78 e-con-full e-flex elementor-invisible e-con e-child\" data-id=\"ff8ee78\" data-element_type=\"container\" data-e-type=\"container\" data-settings=\"{&quot;background_background&quot;:&quot;classic&quot;,&quot;animation&quot;:&quot;fadeIn&quot;,&quot;animation_delay&quot;:300}\">\n\t\t\t\t<div class=\"elementor-element elementor-element-c5560d6 elementor-widget__width-initial elementor-widget elementor-widget-image\" data-id=\"c5560d6\" data-element_type=\"widget\" data-e-type=\"widget\" data-widget_type=\"image.default\">\n\t\t\t\t\t\t\t\t\t\t\t\t\t\t\t<img decoding=\"async\" width=\"200\" height=\"200\" src=\"https:\/\/justintimeplumbingva.com\/wp-content\/uploads\/2025\/08\/5.png\" class=\"attachment-medium size-medium wp-image-427\" alt=\"\" srcset=\"https:\/\/justintimeplumbingva.com\/wp-content\/uploads\/2025\/08\/5.png 200w, https:\/\/justintimeplumbingva.com\/wp-content\/uploads\/2025\/08\/5-150x150.png 150w\" sizes=\"(max-width: 200px) 100vw, 200px\" \/>\t\t\t\t\t\t\t\t\t\t\t\t\t\t\t<\/div>\n\t\t<div class=\"elementor-element elementor-element-1bf0464 e-con-full e-flex e-con e-child\" data-id=\"1bf0464\" data-element_type=\"container\" data-e-type=\"container\">\n\t\t\t\t<div class=\"elementor-element elementor-element-5312c91 elementor-widget elementor-widget-heading\" data-id=\"5312c91\" data-element_type=\"widget\" data-e-type=\"widget\" data-widget_type=\"heading.default\">\n\t\t\t\t\t<h3 class=\"elementor-heading-title elementor-size-default\">Mano de obra con Integridad<\/h3>\t\t\t\t<\/div>\n\t\t\t\t<div class=\"elementor-element elementor-element-9f3fa1a elementor-widget elementor-widget-text-editor\" data-id=\"9f3fa1a\" data-element_type=\"widget\" data-e-type=\"widget\" data-widget_type=\"text-editor.default\">\n\t\t\t\t\t\t\t\t\t<p data-start=\"343\" data-end=\"423\">Como una empresa familiar, nuestra reputaci\u00f3n lo es todo. Tratamos<br \/>su casa con el mismo cuidado y respeto que ser\u00eda de nuestra propia. Nuestros fontaneros no s\u00f3lo son expertos en su oficio, pero tambi\u00e9n son amables, limpio, y dedicado a su completa satisfacci\u00f3n.<\/p>\t\t\t\t\t\t\t\t<\/div>\n\t\t\t\t<\/div>\n\t\t\t\t<\/div>\n\t\t\t\t<\/div>\n\t\t\t\t<\/div>\n\t\t<div class=\"elementor-element elementor-element-9275220 e-con-full e-flex e-con e-child\" data-id=\"9275220\" data-element_type=\"container\" data-e-type=\"container\" data-settings=\"{&quot;background_background&quot;:&quot;classic&quot;,&quot;sticky&quot;:&quot;top&quot;,&quot;sticky_on&quot;:[&quot;desktop&quot;],&quot;sticky_offset&quot;:12,&quot;sticky_parent&quot;:&quot;yes&quot;,&quot;sticky_effects_offset&quot;:0,&quot;sticky_anchor_link_offset&quot;:0}\">\n\t\t\t\t<div class=\"elementor-element elementor-element-f8c6d9f elementor-invisible elementor-widget elementor-widget-image\" data-id=\"f8c6d9f\" data-element_type=\"widget\" data-e-type=\"widget\" data-settings=\"{&quot;_animation&quot;:&quot;fadeInRight&quot;,&quot;_animation_delay&quot;:100}\" data-widget_type=\"image.default\">\n\t\t\t\t\t\t\t\t\t\t\t\t\t\t\t<img loading=\"lazy\" decoding=\"async\" width=\"768\" height=\"1024\" src=\"https:\/\/justintimeplumbingva.com\/wp-content\/uploads\/2025\/09\/imgi_5_just-in-time-hero2-768x1024.webp\" class=\"attachment-large size-large wp-image-1020\" alt=\"\" srcset=\"https:\/\/justintimeplumbingva.com\/wp-content\/uploads\/2025\/09\/imgi_5_just-in-time-hero2-768x1024.webp 768w, https:\/\/justintimeplumbingva.com\/wp-content\/uploads\/2025\/09\/imgi_5_just-in-time-hero2-225x300.webp 225w, https:\/\/justintimeplumbingva.com\/wp-content\/uploads\/2025\/09\/imgi_5_just-in-time-hero2.webp 900w\" sizes=\"(max-width: 768px) 100vw, 768px\" \/>\t\t\t\t\t\t\t\t\t\t\t\t\t\t\t<\/div>\n\t\t\t\t<\/div>\n\t\t\t\t\t<\/div>\n\t\t\t\t<\/div>\n\t\t<div class=\"elementor-element elementor-element-aeae997 e-flex e-con-boxed e-con e-parent\" data-id=\"aeae997\" data-element_type=\"container\" data-e-type=\"container\" data-settings=\"{&quot;background_background&quot;:&quot;classic&quot;}\">\n\t\t\t\t\t<div class=\"e-con-inner\">\n\t\t\t\t<div class=\"elementor-element elementor-element-23b8766 elementor-widget elementor-widget-heading\" data-id=\"23b8766\" data-element_type=\"widget\" data-e-type=\"widget\" data-widget_type=\"heading.default\">\n\t\t\t\t\t<h2 class=\"elementor-heading-title elementor-size-default\">Estamos orgullosos de formar parte de las comunidades de Chesapeake, Virginia Beach, Norfolk, Portsmouth y Suffolk.\nSomos sus vecinos y nuestro objetivo es ser los \u00fanicos fontaneros a los que necesitar\u00e1 llamar.<\/h2>\t\t\t\t<\/div>\n\t\t\t\t<div class=\"elementor-element elementor-element-eeaf93d elementor-widget elementor-widget-heading\" data-id=\"eeaf93d\" data-element_type=\"widget\" data-e-type=\"widget\" data-widget_type=\"heading.default\">\n\t\t\t\t\t<h3 class=\"elementor-heading-title elementor-size-default\">Gracias por confiar en nuestra familia para servir a los suyos.<\/h3>\t\t\t\t<\/div>\n\t\t\t\t\t<\/div>\n\t\t\t\t<\/div>\n\t\t<div class=\"elementor-element elementor-element-231fc33 e-flex e-con-boxed e-con e-parent\" data-id=\"231fc33\" data-element_type=\"container\" data-e-type=\"container\" data-settings=\"{&quot;background_background&quot;:&quot;classic&quot;,&quot;shape_divider_top&quot;:&quot;arrow&quot;}\">\n\t\t\t\t\t<div class=\"e-con-inner\">\n\t\t\t\t<div class=\"elementor-shape elementor-shape-top\" aria-hidden=\"true\" data-negative=\"false\">\n\t\t\t<svg xmlns=\"http:\/\/www.w3.org\/2000\/svg\" viewbox=\"0 0 700 10\" preserveaspectratio=\"none\">\n\t<path class=\"elementor-shape-fill\" d=\"M350,10L340,0h20L350,10z\"\/>\n<\/svg>\t\t<\/div>\n\t\t<div class=\"elementor-element elementor-element-36a987ba e-con-full e-flex elementor-invisible e-con e-child\" data-id=\"36a987ba\" data-element_type=\"container\" data-e-type=\"container\" data-settings=\"{&quot;animation&quot;:&quot;fadeIn&quot;,&quot;animation_delay&quot;:100}\">\n\t\t\t\t<div class=\"elementor-element elementor-element-2837e706 elementor-widget elementor-widget-heading\" data-id=\"2837e706\" data-element_type=\"widget\" data-e-type=\"widget\" data-widget_type=\"heading.default\">\n\t\t\t\t\t<h2 class=\"elementor-heading-title elementor-size-default\">\u00bfListos para una mejor experiencia de plomer\u00eda?\n<\/h2>\t\t\t\t<\/div>\n\t\t\t\t<div class=\"elementor-element elementor-element-bb7f3f5 elementor-widget elementor-widget-button\" data-id=\"bb7f3f5\" data-element_type=\"widget\" data-e-type=\"widget\" data-widget_type=\"button.default\">\n\t\t\t\t\t\t\t\t\t\t<a class=\"elementor-button elementor-button-link elementor-size-sm\" href=\"tel:+17573762552\" target=\"_blank\">\n\t\t\t\t\t\t<span class=\"elementor-button-content-wrapper\">\n\t\t\t\t\t\t\t\t\t<span class=\"elementor-button-text\">Ll\u00e1menos hoy al (757) 376-2552<\/span>\n\t\t\t\t\t<\/span>\n\t\t\t\t\t<\/a>\n\t\t\t\t\t\t\t\t<\/div>\n\t\t\t\t<\/div>\n\t\t<div class=\"elementor-element elementor-element-ea01cfc e-con-full e-flex elementor-invisible e-con e-child\" data-id=\"ea01cfc\" data-element_type=\"container\" data-e-type=\"container\" data-settings=\"{&quot;animation&quot;:&quot;fadeIn&quot;,&quot;animation_delay&quot;:100}\">\n\t\t\t\t<div class=\"elementor-element elementor-element-f1fc2f6 elementor-widget elementor-widget-image\" data-id=\"f1fc2f6\" data-element_type=\"widget\" data-e-type=\"widget\" data-widget_type=\"image.default\">\n\t\t\t\t\t\t\t\t\t\t\t\t\t\t\t<img loading=\"lazy\" decoding=\"async\" width=\"800\" height=\"800\" src=\"https:\/\/justintimeplumbingva.com\/wp-content\/uploads\/2025\/09\/Diseno-sin-titulo-2025-09-01T233307.188-1024x1024.webp\" class=\"attachment-large size-large wp-image-784\" alt=\"\" srcset=\"https:\/\/justintimeplumbingva.com\/wp-content\/uploads\/2025\/09\/Diseno-sin-titulo-2025-09-01T233307.188-1024x1024.webp 1024w, https:\/\/justintimeplumbingva.com\/wp-content\/uploads\/2025\/09\/Diseno-sin-titulo-2025-09-01T233307.188-300x300.webp 300w, https:\/\/justintimeplumbingva.com\/wp-content\/uploads\/2025\/09\/Diseno-sin-titulo-2025-09-01T233307.188-150x150.webp 150w, https:\/\/justintimeplumbingva.com\/wp-content\/uploads\/2025\/09\/Diseno-sin-titulo-2025-09-01T233307.188-768x768.webp 768w, https:\/\/justintimeplumbingva.com\/wp-content\/uploads\/2025\/09\/Diseno-sin-titulo-2025-09-01T233307.188.webp 1080w\" sizes=\"(max-width: 800px) 100vw, 800px\" \/>\t\t\t\t\t\t\t\t\t\t\t\t\t\t\t<\/div>\n\t\t\t\t<\/div>\n\t\t\t\t\t<\/div>\n\t\t\t\t<\/div>\n\t\t\t\t<\/div>","protected":false},"excerpt":{"rendered":"<p>Your Go-To Reliable Plumbers Here at Just in Time Plumbing, we believe that a handshake still means something and that your word is your bond. That\u2019s the foundation Just In Time Plumbing was built on. We\u2019re not a large, faceless corporation; we are a local, family-owned business right here in your community. The name &#8220;Just [&hellip;]<\/p>","protected":false},"author":2,"featured_media":0,"parent":0,"menu_order":0,"comment_status":"closed","ping_status":"closed","template":"","meta":{"footnotes":""},"class_list":["post-336","page","type-page","status-publish","hentry"],"_links":{"self":[{"href":"https:\/\/justintimeplumbingva.com\/es\/wp-json\/wp\/v2\/pages\/336","targetHints":{"allow":["GET"]}}],"collection":[{"href":"https:\/\/justintimeplumbingva.com\/es\/wp-json\/wp\/v2\/pages"}],"about":[{"href":"https:\/\/justintimeplumbingva.com\/es\/wp-json\/wp\/v2\/types\/page"}],"author":[{"embeddable":true,"href":"https:\/\/justintimeplumbingva.com\/es\/wp-json\/wp\/v2\/users\/2"}],"replies":[{"embeddable":true,"href":"https:\/\/justintimeplumbingva.com\/es\/wp-json\/wp\/v2\/comments?post=336"}],"version-history":[{"count":90,"href":"https:\/\/justintimeplumbingva.com\/es\/wp-json\/wp\/v2\/pages\/336\/revisions"}],"predecessor-version":[{"id":1465,"href":"https:\/\/justintimeplumbingva.com\/es\/wp-json\/wp\/v2\/pages\/336\/revisions\/1465"}],"wp:attachment":[{"href":"https:\/\/justintimeplumbingva.com\/es\/wp-json\/wp\/v2\/media?parent=336"}],"curies":[{"name":"wp","href":"https:\/\/api.w.org\/{rel}","templated":true}]}}