{"id":775,"date":"2025-09-02T03:36:18","date_gmt":"2025-09-02T03:36:18","guid":{"rendered":"https:\/\/justintimeplumbingva.com\/\/?page_id=775"},"modified":"2025-09-29T15:16:25","modified_gmt":"2025-09-29T15:16:25","slug":"sewer-drain-services","status":"publish","type":"page","link":"https:\/\/justintimeplumbingva.com\/es\/sewer-drain-services\/","title":{"rendered":"Alcantarillado Y Drenaje Servicios"},"content":{"rendered":"<div data-elementor-type=\"wp-page\" data-elementor-id=\"775\" class=\"elementor elementor-775\" data-elementor-post-type=\"page\">\n\t\t\t\t<div class=\"elementor-element elementor-element-9aece8c e-flex e-con-boxed e-con e-parent\" data-id=\"9aece8c\" data-element_type=\"container\" data-e-type=\"container\" data-settings=\"{&quot;background_background&quot;:&quot;classic&quot;}\">\n\t\t\t\t\t<div class=\"e-con-inner\">\n\t\t<div class=\"elementor-element elementor-element-36f3cbb e-con-full e-flex e-con e-child\" data-id=\"36f3cbb\" data-element_type=\"container\" data-e-type=\"container\">\n\t\t\t\t<div class=\"elementor-element elementor-element-1fda6b6 elementor-invisible elementor-widget elementor-widget-heading\" data-id=\"1fda6b6\" data-element_type=\"widget\" data-e-type=\"widget\" data-settings=\"{&quot;_animation&quot;:&quot;fadeInDown&quot;,&quot;_animation_delay&quot;:100}\" data-widget_type=\"heading.default\">\n\t\t\t\t\t<div class=\"elementor-heading-title elementor-size-default\">Alcantarillado Y Drenaje De Limpieza<\/div>\t\t\t\t<\/div>\n\t\t\t\t<div class=\"elementor-element elementor-element-8048d75 elementor-invisible elementor-widget elementor-widget-heading\" data-id=\"8048d75\" data-element_type=\"widget\" data-e-type=\"widget\" data-settings=\"{&quot;_animation&quot;:&quot;fadeInDown&quot;,&quot;_animation_delay&quot;:100}\" data-widget_type=\"heading.default\">\n\t\t\t\t\t<h1 class=\"elementor-heading-title elementor-size-default\">Atascos persistentes y alcantarillado <span class=\"colortitulo\">Desatasco r\u00e1pido<\/span><\/h1>\t\t\t\t<\/div>\n\t\t\t\t<div class=\"elementor-element elementor-element-05c7a33 elementor-widget elementor-widget-text-editor\" data-id=\"05c7a33\" data-element_type=\"widget\" data-e-type=\"widget\" data-widget_type=\"text-editor.default\">\n\t\t\t\t\t\t\t\t\t<p>Una tuber\u00eda obstruida o un atasco en el alcantarillado es m\u00e1s que un inconveniente: es un peligro potencial para la salud y puede causar graves da\u00f1os por agua. En Just In Time Plumbing utilizamos herramientas y tecnolog\u00eda avanzadas para localizar y eliminar r\u00e1pidamente incluso las obstrucciones m\u00e1s dif\u00edciles de su sistema de fontaner\u00eda.<\/p>\t\t\t\t\t\t\t\t<\/div>\n\t\t\t\t<\/div>\n\t\t\t\t\t<\/div>\n\t\t\t\t<\/div>\n\t\t<div class=\"elementor-element elementor-element-34cd1a4 e-flex e-con-boxed e-con e-parent\" data-id=\"34cd1a4\" data-element_type=\"container\" data-e-type=\"container\">\n\t\t\t\t\t<div class=\"e-con-inner\">\n\t\t\t\t<div class=\"elementor-element elementor-element-a4ceceb elementor-widget elementor-widget-heading\" data-id=\"a4ceceb\" data-element_type=\"widget\" data-e-type=\"widget\" data-widget_type=\"heading.default\">\n\t\t\t\t\t<h2 class=\"elementor-heading-title elementor-size-default\">Nuestras soluciones<br>de drenaje y alcantarillado<br>para residencias y comercios<\/h2>\t\t\t\t<\/div>\n\t\t<div class=\"elementor-element elementor-element-d749031 e-con-full e-grid e-con e-child\" data-id=\"d749031\" data-element_type=\"container\" data-e-type=\"container\">\n\t\t<div class=\"elementor-element elementor-element-f6fbf19 e-con-full e-flex elementor-invisible e-con e-child\" data-id=\"f6fbf19\" data-element_type=\"container\" data-e-type=\"container\" data-settings=\"{&quot;background_background&quot;:&quot;classic&quot;,&quot;animation&quot;:&quot;fadeInLeft&quot;,&quot;animation_delay&quot;:100}\">\n\t\t\t\t<div class=\"elementor-element elementor-element-8526c8e elementor-widget__width-initial elementor-widget elementor-widget-image\" data-id=\"8526c8e\" data-element_type=\"widget\" data-e-type=\"widget\" data-widget_type=\"image.default\">\n\t\t\t\t\t\t\t\t\t\t\t\t\t\t\t<img fetchpriority=\"high\" decoding=\"async\" width=\"400\" height=\"400\" src=\"https:\/\/justintimeplumbingva.com\/wp-content\/uploads\/2025\/09\/imgi_10_camera-inspection.webp\" class=\"attachment-medium_large size-medium_large wp-image-1028\" alt=\"\" srcset=\"https:\/\/justintimeplumbingva.com\/wp-content\/uploads\/2025\/09\/imgi_10_camera-inspection.webp 400w, https:\/\/justintimeplumbingva.com\/wp-content\/uploads\/2025\/09\/imgi_10_camera-inspection-300x300.webp 300w, https:\/\/justintimeplumbingva.com\/wp-content\/uploads\/2025\/09\/imgi_10_camera-inspection-150x150.webp 150w\" sizes=\"(max-width: 400px) 100vw, 400px\" \/>\t\t\t\t\t\t\t\t\t\t\t\t\t\t\t<\/div>\n\t\t<div class=\"elementor-element elementor-element-2f8e71c e-con-full e-flex e-con e-child\" data-id=\"2f8e71c\" data-element_type=\"container\" data-e-type=\"container\">\n\t\t\t\t<div class=\"elementor-element elementor-element-39fb7a5 elementor-widget elementor-widget-heading\" data-id=\"39fb7a5\" data-element_type=\"widget\" data-e-type=\"widget\" data-widget_type=\"heading.default\">\n\t\t\t\t\t<h3 class=\"elementor-heading-title elementor-size-default\">Limpieza De Drenajes<\/h3>\t\t\t\t<\/div>\n\t\t\t\t<div class=\"elementor-element elementor-element-01c2a22 elementor-widget elementor-widget-text-editor\" data-id=\"01c2a22\" data-element_type=\"widget\" data-e-type=\"widget\" data-widget_type=\"text-editor.default\">\n\t\t\t\t\t\t\t\t\t<p data-start=\"214\" data-end=\"350\">\u00a0Fregaderos de cocina, desag\u00fces de ba\u00f1o, duchas atascadas... Lo desatascamos todo.<\/p>\t\t\t\t\t\t\t\t<\/div>\n\t\t\t\t<\/div>\n\t\t\t\t<\/div>\n\t\t<div class=\"elementor-element elementor-element-b057477 e-con-full e-flex elementor-invisible e-con e-child\" data-id=\"b057477\" data-element_type=\"container\" data-e-type=\"container\" data-settings=\"{&quot;background_background&quot;:&quot;classic&quot;,&quot;animation&quot;:&quot;fadeInRight&quot;,&quot;animation_delay&quot;:100}\">\n\t\t\t\t<div class=\"elementor-element elementor-element-893ed50 elementor-widget__width-initial elementor-widget elementor-widget-image\" data-id=\"893ed50\" data-element_type=\"widget\" data-e-type=\"widget\" data-widget_type=\"image.default\">\n\t\t\t\t\t\t\t\t\t\t\t\t\t\t\t<img decoding=\"async\" width=\"768\" height=\"768\" src=\"https:\/\/justintimeplumbingva.com\/wp-content\/uploads\/2025\/09\/Limpieza-de-la-tuberia-principal-de-alcantarillado-768x768.webp\" class=\"attachment-medium_large size-medium_large wp-image-1014\" alt=\"\" srcset=\"https:\/\/justintimeplumbingva.com\/wp-content\/uploads\/2025\/09\/Limpieza-de-la-tuberia-principal-de-alcantarillado-768x768.webp 768w, https:\/\/justintimeplumbingva.com\/wp-content\/uploads\/2025\/09\/Limpieza-de-la-tuberia-principal-de-alcantarillado-300x300.webp 300w, https:\/\/justintimeplumbingva.com\/wp-content\/uploads\/2025\/09\/Limpieza-de-la-tuberia-principal-de-alcantarillado-1024x1024.webp 1024w, https:\/\/justintimeplumbingva.com\/wp-content\/uploads\/2025\/09\/Limpieza-de-la-tuberia-principal-de-alcantarillado-150x150.webp 150w, https:\/\/justintimeplumbingva.com\/wp-content\/uploads\/2025\/09\/Limpieza-de-la-tuberia-principal-de-alcantarillado.webp 1080w\" sizes=\"(max-width: 768px) 100vw, 768px\" \/>\t\t\t\t\t\t\t\t\t\t\t\t\t\t\t<\/div>\n\t\t<div class=\"elementor-element elementor-element-db2552b e-con-full e-flex e-con e-child\" data-id=\"db2552b\" data-element_type=\"container\" data-e-type=\"container\">\n\t\t\t\t<div class=\"elementor-element elementor-element-c06d0e5 elementor-widget elementor-widget-heading\" data-id=\"c06d0e5\" data-element_type=\"widget\" data-e-type=\"widget\" data-widget_type=\"heading.default\">\n\t\t\t\t\t<h3 class=\"elementor-heading-title elementor-size-default\">Limpieza de la tuber\u00eda principal de alcantarillado<\/h3>\t\t\t\t<\/div>\n\t\t\t\t<div class=\"elementor-element elementor-element-9ce3110 elementor-widget elementor-widget-text-editor\" data-id=\"9ce3110\" data-element_type=\"widget\" data-e-type=\"widget\" data-widget_type=\"text-editor.default\">\n\t\t\t\t\t\t\t\t\t<p data-start=\"352\" data-end=\"491\">Contamos con equipos pesados para eliminar ra\u00edces, grasa y otras obstrucciones de su l\u00ednea principal.<\/p>\t\t\t\t\t\t\t\t<\/div>\n\t\t\t\t<\/div>\n\t\t\t\t<\/div>\n\t\t<div class=\"elementor-element elementor-element-5317741 e-con-full e-flex elementor-invisible e-con e-child\" data-id=\"5317741\" data-element_type=\"container\" data-e-type=\"container\" data-settings=\"{&quot;background_background&quot;:&quot;classic&quot;,&quot;animation&quot;:&quot;fadeInLeft&quot;,&quot;animation_delay&quot;:100}\">\n\t\t\t\t<div class=\"elementor-element elementor-element-0db69ee elementor-widget__width-initial elementor-widget elementor-widget-image\" data-id=\"0db69ee\" data-element_type=\"widget\" data-e-type=\"widget\" data-widget_type=\"image.default\">\n\t\t\t\t\t\t\t\t\t\t\t\t\t\t\t<img decoding=\"async\" width=\"768\" height=\"768\" src=\"https:\/\/justintimeplumbingva.com\/wp-content\/uploads\/2025\/09\/Inspeccion-con-camara-de-video-768x768.webp\" class=\"attachment-medium_large size-medium_large wp-image-1015\" alt=\"\" srcset=\"https:\/\/justintimeplumbingva.com\/wp-content\/uploads\/2025\/09\/Inspeccion-con-camara-de-video-768x768.webp 768w, https:\/\/justintimeplumbingva.com\/wp-content\/uploads\/2025\/09\/Inspeccion-con-camara-de-video-300x300.webp 300w, https:\/\/justintimeplumbingva.com\/wp-content\/uploads\/2025\/09\/Inspeccion-con-camara-de-video-1024x1024.webp 1024w, https:\/\/justintimeplumbingva.com\/wp-content\/uploads\/2025\/09\/Inspeccion-con-camara-de-video-150x150.webp 150w, https:\/\/justintimeplumbingva.com\/wp-content\/uploads\/2025\/09\/Inspeccion-con-camara-de-video.webp 1080w\" sizes=\"(max-width: 768px) 100vw, 768px\" \/>\t\t\t\t\t\t\t\t\t\t\t\t\t\t\t<\/div>\n\t\t<div class=\"elementor-element elementor-element-c1112c3 e-con-full e-flex e-con e-child\" data-id=\"c1112c3\" data-element_type=\"container\" data-e-type=\"container\">\n\t\t\t\t<div class=\"elementor-element elementor-element-0c1f4a8 elementor-widget elementor-widget-heading\" data-id=\"0c1f4a8\" data-element_type=\"widget\" data-e-type=\"widget\" data-widget_type=\"heading.default\">\n\t\t\t\t\t<h3 class=\"elementor-heading-title elementor-size-default\"> Inspecci\u00f3n con c\u00e1mara de v\u00eddeo<\/h3>\t\t\t\t<\/div>\n\t\t\t\t<div class=\"elementor-element elementor-element-fe44d06 elementor-widget elementor-widget-text-editor\" data-id=\"fe44d06\" data-element_type=\"widget\" data-e-type=\"widget\" data-widget_type=\"text-editor.default\">\n\t\t\t\t\t\t\t\t\t<p data-start=\"493\" data-end=\"611\">\u00a0Podemos enviar una c\u00e1mara a trav\u00e9s de las tuber\u00edas de determinar la ubicaci\u00f3n exacta y la causa del problema, asegurando una soluci\u00f3n permanente.<\/p>\t\t\t\t\t\t\t\t<\/div>\n\t\t\t\t<\/div>\n\t\t\t\t<\/div>\n\t\t<div class=\"elementor-element elementor-element-bca6429 e-con-full e-flex elementor-invisible e-con e-child\" data-id=\"bca6429\" data-element_type=\"container\" data-e-type=\"container\" data-settings=\"{&quot;background_background&quot;:&quot;classic&quot;,&quot;animation&quot;:&quot;fadeInRight&quot;,&quot;animation_delay&quot;:100}\">\n\t\t\t\t<div class=\"elementor-element elementor-element-1a7841d elementor-widget__width-initial elementor-widget elementor-widget-image\" data-id=\"1a7841d\" data-element_type=\"widget\" data-e-type=\"widget\" data-widget_type=\"image.default\">\n\t\t\t\t\t\t\t\t\t\t\t\t\t\t\t<img loading=\"lazy\" decoding=\"async\" width=\"400\" height=\"400\" src=\"https:\/\/justintimeplumbingva.com\/wp-content\/uploads\/2025\/09\/imgi_6_plumbing-1.webp\" class=\"attachment-medium_large size-medium_large wp-image-1027\" alt=\"\" srcset=\"https:\/\/justintimeplumbingva.com\/wp-content\/uploads\/2025\/09\/imgi_6_plumbing-1.webp 400w, https:\/\/justintimeplumbingva.com\/wp-content\/uploads\/2025\/09\/imgi_6_plumbing-1-300x300.webp 300w, https:\/\/justintimeplumbingva.com\/wp-content\/uploads\/2025\/09\/imgi_6_plumbing-1-150x150.webp 150w\" sizes=\"(max-width: 400px) 100vw, 400px\" \/>\t\t\t\t\t\t\t\t\t\t\t\t\t\t\t<\/div>\n\t\t<div class=\"elementor-element elementor-element-d1cb13d e-con-full e-flex e-con e-child\" data-id=\"d1cb13d\" data-element_type=\"container\" data-e-type=\"container\">\n\t\t\t\t<div class=\"elementor-element elementor-element-07a596a elementor-widget elementor-widget-heading\" data-id=\"07a596a\" data-element_type=\"widget\" data-e-type=\"widget\" data-widget_type=\"heading.default\">\n\t\t\t\t\t<h3 class=\"elementor-heading-title elementor-size-default\">L\u00ednea De Alcantarillado De Reparaci\u00f3n Y Reemplazo<\/h3>\t\t\t\t<\/div>\n\t\t\t\t<div class=\"elementor-element elementor-element-c5b7ee2 elementor-widget elementor-widget-text-editor\" data-id=\"c5b7ee2\" data-element_type=\"widget\" data-e-type=\"widget\" data-widget_type=\"text-editor.default\">\n\t\t\t\t\t\t\t\t\t<p data-start=\"613\" data-end=\"739\">Para tuber\u00edas de alcantarillado rotas, agrietadas o colapsadas, ofrecemos opciones de reparaci\u00f3n tradicionales y sin zanjas.<\/p>\t\t\t\t\t\t\t\t<\/div>\n\t\t\t\t<\/div>\n\t\t\t\t<\/div>\n\t\t\t\t<\/div>\n\t\t\t\t\t<\/div>\n\t\t\t\t<\/div>\n\t\t<div class=\"elementor-element elementor-element-0110390 e-flex e-con-boxed e-con e-parent\" data-id=\"0110390\" data-element_type=\"container\" data-e-type=\"container\" data-settings=\"{&quot;background_background&quot;:&quot;classic&quot;,&quot;shape_divider_top&quot;:&quot;arrow&quot;}\">\n\t\t\t\t\t<div class=\"e-con-inner\">\n\t\t\t\t<div class=\"elementor-shape elementor-shape-top\" aria-hidden=\"true\" data-negative=\"false\">\n\t\t\t<svg xmlns=\"http:\/\/www.w3.org\/2000\/svg\" viewbox=\"0 0 700 10\" preserveaspectratio=\"none\">\n\t<path class=\"elementor-shape-fill\" d=\"M350,10L340,0h20L350,10z\"\/>\n<\/svg>\t\t<\/div>\n\t\t<div class=\"elementor-element elementor-element-280029d e-con-full e-flex elementor-invisible e-con e-child\" data-id=\"280029d\" data-element_type=\"container\" data-e-type=\"container\" data-settings=\"{&quot;animation&quot;:&quot;fadeIn&quot;,&quot;animation_delay&quot;:100}\">\n\t\t\t\t<div class=\"elementor-element elementor-element-0ad5104 elementor-widget elementor-widget-heading\" data-id=\"0ad5104\" data-element_type=\"widget\" data-e-type=\"widget\" data-widget_type=\"heading.default\">\n\t\t\t\t\t<h2 class=\"elementor-heading-title elementor-size-default\"><span class=\"colortitulo\">Detener una obstrucci\u00f3n<\/span> Antes de que Se Convierta en una Crisis.<\/h2>\t\t\t\t<\/div>\n\t\t\t\t<div class=\"elementor-element elementor-element-3d0c963 elementor-widget elementor-widget-text-editor\" data-id=\"3d0c963\" data-element_type=\"widget\" data-e-type=\"widget\" data-widget_type=\"text-editor.default\">\n\t\t\t\t\t\t\t\t\t<p>P\u00f3ngase en contacto con Just In Time Plumbing hoy mismo llamando al (757) 376-2552 para obtener un servicio r\u00e1pido y eficaz de desag\u00fces y<br \/>del servicio de alcantarillado en el \u00e1rea de Chesapeake.<\/p>\t\t\t\t\t\t\t\t<\/div>\n\t\t\t\t<div class=\"elementor-element elementor-element-8515836 elementor-widget elementor-widget-button\" data-id=\"8515836\" data-element_type=\"widget\" data-e-type=\"widget\" data-widget_type=\"button.default\">\n\t\t\t\t\t\t\t\t\t\t<a class=\"elementor-button elementor-button-link elementor-size-sm\" href=\"tel:+17573762552\" target=\"_blank\">\n\t\t\t\t\t\t<span class=\"elementor-button-content-wrapper\">\n\t\t\t\t\t\t\t\t\t<span class=\"elementor-button-text\">Ll\u00e1menos hoy al (757) 376-2552<\/span>\n\t\t\t\t\t<\/span>\n\t\t\t\t\t<\/a>\n\t\t\t\t\t\t\t\t<\/div>\n\t\t\t\t<\/div>\n\t\t\t\t\t<\/div>\n\t\t\t\t<\/div>\n\t\t\t\t<\/div>","protected":false},"excerpt":{"rendered":"<p>Sewer &amp; Drain Cleaning Stubborn Clogs &amp; Sewer Backups Cleared Fast A clogged drain or a sewer backup is more than an inconvenience\u2014it&#8217;s a potential health hazard and can cause serious water damage. At Just In Time Plumbing, we use advanced tools and technology to quickly locate and eliminate even the toughest blockages in your [&hellip;]<\/p>","protected":false},"author":2,"featured_media":0,"parent":0,"menu_order":0,"comment_status":"closed","ping_status":"closed","template":"","meta":{"footnotes":""},"class_list":["post-775","page","type-page","status-publish","hentry"],"_links":{"self":[{"href":"https:\/\/justintimeplumbingva.com\/es\/wp-json\/wp\/v2\/pages\/775","targetHints":{"allow":["GET"]}}],"collection":[{"href":"https:\/\/justintimeplumbingva.com\/es\/wp-json\/wp\/v2\/pages"}],"about":[{"href":"https:\/\/justintimeplumbingva.com\/es\/wp-json\/wp\/v2\/types\/page"}],"author":[{"embeddable":true,"href":"https:\/\/justintimeplumbingva.com\/es\/wp-json\/wp\/v2\/users\/2"}],"replies":[{"embeddable":true,"href":"https:\/\/justintimeplumbingva.com\/es\/wp-json\/wp\/v2\/comments?post=775"}],"version-history":[{"count":50,"href":"https:\/\/justintimeplumbingva.com\/es\/wp-json\/wp\/v2\/pages\/775\/revisions"}],"predecessor-version":[{"id":1461,"href":"https:\/\/justintimeplumbingva.com\/es\/wp-json\/wp\/v2\/pages\/775\/revisions\/1461"}],"wp:attachment":[{"href":"https:\/\/justintimeplumbingva.com\/es\/wp-json\/wp\/v2\/media?parent=775"}],"curies":[{"name":"wp","href":"https:\/\/api.w.org\/{rel}","templated":true}]}}