{"id":777,"date":"2025-09-02T03:36:30","date_gmt":"2025-09-02T03:36:30","guid":{"rendered":"https:\/\/justintimeplumbingva.com\/\/?page_id=777"},"modified":"2025-09-29T15:16:25","modified_gmt":"2025-09-29T15:16:25","slug":"general-plumbing","status":"publish","type":"page","link":"https:\/\/justintimeplumbingva.com\/es\/general-plumbing\/","title":{"rendered":"Fontaner\u00eda general"},"content":{"rendered":"<div data-elementor-type=\"wp-page\" data-elementor-id=\"777\" class=\"elementor elementor-777\" data-elementor-post-type=\"page\">\n\t\t\t\t<div class=\"elementor-element elementor-element-3a3c87e e-flex e-con-boxed e-con e-parent\" data-id=\"3a3c87e\" data-element_type=\"container\" data-e-type=\"container\" data-settings=\"{&quot;background_background&quot;:&quot;classic&quot;}\">\n\t\t\t\t\t<div class=\"e-con-inner\">\n\t\t<div class=\"elementor-element elementor-element-40dd5d8 e-con-full e-flex e-con e-child\" data-id=\"40dd5d8\" data-element_type=\"container\" data-e-type=\"container\">\n\t\t\t\t<div class=\"elementor-element elementor-element-c8cae96 elementor-invisible elementor-widget elementor-widget-heading\" data-id=\"c8cae96\" data-element_type=\"widget\" data-e-type=\"widget\" data-settings=\"{&quot;_animation&quot;:&quot;fadeInDown&quot;,&quot;_animation_delay&quot;:100}\" data-widget_type=\"heading.default\">\n\t\t\t\t\t<div class=\"elementor-heading-title elementor-size-default\">Reparaci\u00f3n y servicios generales de fontaner\u00eda<\/div>\t\t\t\t<\/div>\n\t\t\t\t<div class=\"elementor-element elementor-element-c7c0ae9 elementor-invisible elementor-widget elementor-widget-heading\" data-id=\"c7c0ae9\" data-element_type=\"widget\" data-e-type=\"widget\" data-settings=\"{&quot;_animation&quot;:&quot;fadeInDown&quot;,&quot;_animation_delay&quot;:100}\" data-widget_type=\"heading.default\">\n\t\t\t\t\t<h2 class=\"elementor-heading-title elementor-size-default\">Su <span class=\"colortitulo\">Soluci\u00f3n<\/span> para los problemas cotidianos de fontaner\u00eda<\/h2>\t\t\t\t<\/div>\n\t\t\t\t<div class=\"elementor-element elementor-element-36ef967 elementor-widget elementor-widget-text-editor\" data-id=\"36ef967\" data-element_type=\"widget\" data-e-type=\"widget\" data-widget_type=\"text-editor.default\">\n\t\t\t\t\t\t\t\t\t<p>Desde un grifo que gotea constantemente hasta un inodoro que no deja de funcionar, incluso los peque\u00f1os problemas de fontaner\u00eda pueden alterar su d\u00eda y desperdiciar agua y dinero. En Just In Time Plumbing, creemos que ning\u00fan trabajo es demasiado peque\u00f1o para recibir atenci\u00f3n profesional. Ofrecemos reparaciones e instalaciones expertas para todas las necesidades generales de fontaner\u00eda de su hogar con el mismo compromiso con la calidad y el servicio al cliente que nuestros trabajos m\u00e1s grandes.<\/p>\t\t\t\t\t\t\t\t<\/div>\n\t\t\t\t<\/div>\n\t\t\t\t\t<\/div>\n\t\t\t\t<\/div>\n\t\t<div class=\"elementor-element elementor-element-466038d e-flex e-con-boxed e-con e-parent\" data-id=\"466038d\" data-element_type=\"container\" data-e-type=\"container\">\n\t\t\t\t\t<div class=\"e-con-inner\">\n\t\t\t\t<div class=\"elementor-element elementor-element-a003098 elementor-widget elementor-widget-heading\" data-id=\"a003098\" data-element_type=\"widget\" data-e-type=\"widget\" data-widget_type=\"heading.default\">\n\t\t\t\t\t<h2 class=\"elementor-heading-title elementor-size-default\">Nuestros Servicios De Fontaner\u00eda Son:\n<\/h2>\t\t\t\t<\/div>\n\t\t<div class=\"elementor-element elementor-element-cc06d65 e-con-full e-grid e-con e-child\" data-id=\"cc06d65\" data-element_type=\"container\" data-e-type=\"container\">\n\t\t<div class=\"elementor-element elementor-element-f9b6272 e-con-full e-flex elementor-invisible e-con e-child\" data-id=\"f9b6272\" data-element_type=\"container\" data-e-type=\"container\" data-settings=\"{&quot;background_background&quot;:&quot;classic&quot;,&quot;animation&quot;:&quot;fadeInLeft&quot;,&quot;animation_delay&quot;:100}\">\n\t\t\t\t<div class=\"elementor-element elementor-element-a6416aa elementor-widget__width-initial elementor-widget elementor-widget-image\" data-id=\"a6416aa\" data-element_type=\"widget\" data-e-type=\"widget\" data-widget_type=\"image.default\">\n\t\t\t\t\t\t\t\t\t\t\t\t\t\t\t<img decoding=\"async\" width=\"200\" height=\"200\" src=\"https:\/\/justintimeplumbingva.com\/wp-content\/uploads\/2025\/09\/Reparacion-de-grifos.webp\" class=\"attachment-medium size-medium wp-image-1069\" alt=\"\" srcset=\"https:\/\/justintimeplumbingva.com\/wp-content\/uploads\/2025\/09\/Reparacion-de-grifos.webp 200w, https:\/\/justintimeplumbingva.com\/wp-content\/uploads\/2025\/09\/Reparacion-de-grifos-150x150.webp 150w\" sizes=\"(max-width: 200px) 100vw, 200px\" \/>\t\t\t\t\t\t\t\t\t\t\t\t\t\t\t<\/div>\n\t\t<div class=\"elementor-element elementor-element-9a20f36 e-con-full e-flex e-con e-child\" data-id=\"9a20f36\" data-element_type=\"container\" data-e-type=\"container\">\n\t\t\t\t<div class=\"elementor-element elementor-element-48b3920 elementor-widget elementor-widget-heading\" data-id=\"48b3920\" data-element_type=\"widget\" data-e-type=\"widget\" data-widget_type=\"heading.default\">\n\t\t\t\t\t<h3 class=\"elementor-heading-title elementor-size-default\">Reparaci\u00f3n de grifos y accesorios con fugas<\/h3>\t\t\t\t<\/div>\n\t\t\t\t<div class=\"elementor-element elementor-element-a39070e elementor-widget elementor-widget-text-editor\" data-id=\"a39070e\" data-element_type=\"widget\" data-e-type=\"widget\" data-widget_type=\"text-editor.default\">\n\t\t\t\t\t\t\t\t\t<p data-start=\"214\" data-end=\"350\">No dejes que un goteo de conducir hasta su factura de agua. Podemos reparar cualquier grifo en la cocina, un cuarto de ba\u00f1o o cuarto de servicio.<\/p>\t\t\t\t\t\t\t\t<\/div>\n\t\t\t\t<\/div>\n\t\t\t\t<\/div>\n\t\t<div class=\"elementor-element elementor-element-29eb618 e-con-full e-flex elementor-invisible e-con e-child\" data-id=\"29eb618\" data-element_type=\"container\" data-e-type=\"container\" data-settings=\"{&quot;background_background&quot;:&quot;classic&quot;,&quot;animation&quot;:&quot;fadeInRight&quot;,&quot;animation_delay&quot;:100}\">\n\t\t\t\t<div class=\"elementor-element elementor-element-eceb4dc elementor-widget__width-initial elementor-widget elementor-widget-image\" data-id=\"eceb4dc\" data-element_type=\"widget\" data-e-type=\"widget\" data-widget_type=\"image.default\">\n\t\t\t\t\t\t\t\t\t\t\t\t\t\t\t<img decoding=\"async\" width=\"200\" height=\"200\" src=\"https:\/\/justintimeplumbingva.com\/wp-content\/uploads\/2025\/09\/Reparacion-e-instalacion-de-inodoros.webp\" class=\"attachment-medium size-medium wp-image-1070\" alt=\"\" srcset=\"https:\/\/justintimeplumbingva.com\/wp-content\/uploads\/2025\/09\/Reparacion-e-instalacion-de-inodoros.webp 200w, https:\/\/justintimeplumbingva.com\/wp-content\/uploads\/2025\/09\/Reparacion-e-instalacion-de-inodoros-150x150.webp 150w\" sizes=\"(max-width: 200px) 100vw, 200px\" \/>\t\t\t\t\t\t\t\t\t\t\t\t\t\t\t<\/div>\n\t\t<div class=\"elementor-element elementor-element-65a389f e-con-full e-flex e-con e-child\" data-id=\"65a389f\" data-element_type=\"container\" data-e-type=\"container\">\n\t\t\t\t<div class=\"elementor-element elementor-element-27cf49e elementor-widget elementor-widget-heading\" data-id=\"27cf49e\" data-element_type=\"widget\" data-e-type=\"widget\" data-widget_type=\"heading.default\">\n\t\t\t\t\t<h3 class=\"elementor-heading-title elementor-size-default\">Reparaci\u00f3n e instalaci\u00f3n de inodoros<\/h3>\t\t\t\t<\/div>\n\t\t\t\t<div class=\"elementor-element elementor-element-0c4e0e9 elementor-widget elementor-widget-text-editor\" data-id=\"0c4e0e9\" data-element_type=\"widget\" data-e-type=\"widget\" data-widget_type=\"text-editor.default\">\n\t\t\t\t\t\t\t\t\t<p data-start=\"352\" data-end=\"491\">Si se est\u00e1 ejecutando constantemente, tapados, o usted est\u00e1 listo para un nuevo, m\u00e1s eUicient modelo, lo tenemos cubierto.<\/p>\t\t\t\t\t\t\t\t<\/div>\n\t\t\t\t<\/div>\n\t\t\t\t<\/div>\n\t\t<div class=\"elementor-element elementor-element-74c81ab e-con-full e-flex elementor-invisible e-con e-child\" data-id=\"74c81ab\" data-element_type=\"container\" data-e-type=\"container\" data-settings=\"{&quot;background_background&quot;:&quot;classic&quot;,&quot;animation&quot;:&quot;fadeInLeft&quot;,&quot;animation_delay&quot;:100}\">\n\t\t\t\t<div class=\"elementor-element elementor-element-007c958 elementor-widget__width-initial elementor-widget elementor-widget-image\" data-id=\"007c958\" data-element_type=\"widget\" data-e-type=\"widget\" data-widget_type=\"image.default\">\n\t\t\t\t\t\t\t\t\t\t\t\t\t\t\t<img decoding=\"async\" width=\"200\" height=\"200\" src=\"https:\/\/justintimeplumbingva.com\/wp-content\/uploads\/2025\/09\/Servicios-de-triturador-de-basura.webp\" class=\"attachment-medium size-medium wp-image-1071\" alt=\"\" srcset=\"https:\/\/justintimeplumbingva.com\/wp-content\/uploads\/2025\/09\/Servicios-de-triturador-de-basura.webp 200w, https:\/\/justintimeplumbingva.com\/wp-content\/uploads\/2025\/09\/Servicios-de-triturador-de-basura-150x150.webp 150w\" sizes=\"(max-width: 200px) 100vw, 200px\" \/>\t\t\t\t\t\t\t\t\t\t\t\t\t\t\t<\/div>\n\t\t<div class=\"elementor-element elementor-element-caa6c62 e-con-full e-flex e-con e-child\" data-id=\"caa6c62\" data-element_type=\"container\" data-e-type=\"container\">\n\t\t\t\t<div class=\"elementor-element elementor-element-ce8cbd6 elementor-widget elementor-widget-heading\" data-id=\"ce8cbd6\" data-element_type=\"widget\" data-e-type=\"widget\" data-widget_type=\"heading.default\">\n\t\t\t\t\t<h3 class=\"elementor-heading-title elementor-size-default\">Servicios de recogida de basura<\/h3>\t\t\t\t<\/div>\n\t\t\t\t<div class=\"elementor-element elementor-element-a0e7643 elementor-widget elementor-widget-text-editor\" data-id=\"a0e7643\" data-element_type=\"widget\" data-e-type=\"widget\" data-widget_type=\"text-editor.default\">\n\t\t\t\t\t\t\t\t\t<p data-start=\"493\" data-end=\"611\">Contamos con servicio de reparaci\u00f3n atascado o tarareo de trituradores de basura y se puede instalar una nueva unidad de forma r\u00e1pida y segura.<\/p>\t\t\t\t\t\t\t\t<\/div>\n\t\t\t\t<\/div>\n\t\t\t\t<\/div>\n\t\t<div class=\"elementor-element elementor-element-3ab614a e-con-full e-flex elementor-invisible e-con e-child\" data-id=\"3ab614a\" data-element_type=\"container\" data-e-type=\"container\" data-settings=\"{&quot;background_background&quot;:&quot;classic&quot;,&quot;animation&quot;:&quot;fadeInRight&quot;,&quot;animation_delay&quot;:100}\">\n\t\t\t\t<div class=\"elementor-element elementor-element-44044e6 elementor-widget__width-initial elementor-widget elementor-widget-image\" data-id=\"44044e6\" data-element_type=\"widget\" data-e-type=\"widget\" data-widget_type=\"image.default\">\n\t\t\t\t\t\t\t\t\t\t\t\t\t\t\t<img loading=\"lazy\" decoding=\"async\" width=\"200\" height=\"200\" src=\"https:\/\/justintimeplumbingva.com\/wp-content\/uploads\/2025\/09\/Reparacion-y-sustitucion-de-bombas-de-sumidero.webp\" class=\"attachment-medium size-medium wp-image-1072\" alt=\"\" srcset=\"https:\/\/justintimeplumbingva.com\/wp-content\/uploads\/2025\/09\/Reparacion-y-sustitucion-de-bombas-de-sumidero.webp 200w, https:\/\/justintimeplumbingva.com\/wp-content\/uploads\/2025\/09\/Reparacion-y-sustitucion-de-bombas-de-sumidero-150x150.webp 150w\" sizes=\"(max-width: 200px) 100vw, 200px\" \/>\t\t\t\t\t\t\t\t\t\t\t\t\t\t\t<\/div>\n\t\t<div class=\"elementor-element elementor-element-2db53bb e-con-full e-flex e-con e-child\" data-id=\"2db53bb\" data-element_type=\"container\" data-e-type=\"container\">\n\t\t\t\t<div class=\"elementor-element elementor-element-5cc3217 elementor-widget elementor-widget-heading\" data-id=\"5cc3217\" data-element_type=\"widget\" data-e-type=\"widget\" data-widget_type=\"heading.default\">\n\t\t\t\t\t<h3 class=\"elementor-heading-title elementor-size-default\">Reparaci\u00f3n y sustituci\u00f3n de bombas de sumidero<\/h3>\t\t\t\t<\/div>\n\t\t\t\t<div class=\"elementor-element elementor-element-7c1f601 elementor-widget elementor-widget-text-editor\" data-id=\"7c1f601\" data-element_type=\"widget\" data-e-type=\"widget\" data-widget_type=\"text-editor.default\">\n\t\t\t\t\t\t\t\t\t<p data-start=\"613\" data-end=\"739\">Mantenga su espacio de s\u00f3tano o en seco. Nos aseguramos de que su bomba de sumidero est\u00e9 listo para la pr\u00f3xima lluvia pesada.<\/p>\t\t\t\t\t\t\t\t<\/div>\n\t\t\t\t<\/div>\n\t\t\t\t<\/div>\n\t\t<div class=\"elementor-element elementor-element-5efef9e e-con-full e-flex elementor-invisible e-con e-child\" data-id=\"5efef9e\" data-element_type=\"container\" data-e-type=\"container\" data-settings=\"{&quot;background_background&quot;:&quot;classic&quot;,&quot;animation&quot;:&quot;fadeInLeft&quot;,&quot;animation_delay&quot;:100}\">\n\t\t\t\t<div class=\"elementor-element elementor-element-d4ebd34 elementor-widget__width-initial elementor-widget elementor-widget-image\" data-id=\"d4ebd34\" data-element_type=\"widget\" data-e-type=\"widget\" data-widget_type=\"image.default\">\n\t\t\t\t\t\t\t\t\t\t\t\t\t\t\t<img loading=\"lazy\" decoding=\"async\" width=\"200\" height=\"200\" src=\"https:\/\/justintimeplumbingva.com\/wp-content\/uploads\/2025\/08\/5.png\" class=\"attachment-medium size-medium wp-image-427\" alt=\"\" srcset=\"https:\/\/justintimeplumbingva.com\/wp-content\/uploads\/2025\/08\/5.png 200w, https:\/\/justintimeplumbingva.com\/wp-content\/uploads\/2025\/08\/5-150x150.png 150w\" sizes=\"(max-width: 200px) 100vw, 200px\" \/>\t\t\t\t\t\t\t\t\t\t\t\t\t\t\t<\/div>\n\t\t<div class=\"elementor-element elementor-element-dc5cd14 e-con-full e-flex e-con e-child\" data-id=\"dc5cd14\" data-element_type=\"container\" data-e-type=\"container\">\n\t\t\t\t<div class=\"elementor-element elementor-element-0bd78be elementor-widget elementor-widget-heading\" data-id=\"0bd78be\" data-element_type=\"widget\" data-e-type=\"widget\" data-widget_type=\"heading.default\">\n\t\t\t\t\t<h3 class=\"elementor-heading-title elementor-size-default\">Instalaci\u00f3n de accesorios<\/h3>\t\t\t\t<\/div>\n\t\t\t\t<div class=\"elementor-element elementor-element-cdc8683 elementor-widget elementor-widget-text-editor\" data-id=\"cdc8683\" data-element_type=\"widget\" data-e-type=\"widget\" data-widget_type=\"text-editor.default\">\n\t\t\t\t\t\t\t\t\t<p data-start=\"613\" data-end=\"739\">\u00bfEst\u00e1 renovando su hogar? Ofrecemos instalaci\u00f3n profesional de lavabos, duchas, ba\u00f1eras y otros accesorios de plomer\u00eda.<\/p>\t\t\t\t\t\t\t\t<\/div>\n\t\t\t\t<\/div>\n\t\t\t\t<\/div>\n\t\t<div class=\"elementor-element elementor-element-201e606 e-con-full e-flex elementor-invisible e-con e-child\" data-id=\"201e606\" data-element_type=\"container\" data-e-type=\"container\" data-settings=\"{&quot;background_background&quot;:&quot;classic&quot;,&quot;animation&quot;:&quot;fadeInRight&quot;,&quot;animation_delay&quot;:100}\">\n\t\t\t\t<div class=\"elementor-element elementor-element-b535e6b elementor-widget__width-initial elementor-widget elementor-widget-image\" data-id=\"b535e6b\" data-element_type=\"widget\" data-e-type=\"widget\" data-widget_type=\"image.default\">\n\t\t\t\t\t\t\t\t\t\t\t\t\t\t\t<img loading=\"lazy\" decoding=\"async\" width=\"200\" height=\"200\" src=\"https:\/\/justintimeplumbingva.com\/wp-content\/uploads\/2025\/09\/Reparacion-y-sustitucion-de-bombas-de-sumidero-1.webp\" class=\"attachment-medium size-medium wp-image-1073\" alt=\"\" srcset=\"https:\/\/justintimeplumbingva.com\/wp-content\/uploads\/2025\/09\/Reparacion-y-sustitucion-de-bombas-de-sumidero-1.webp 200w, https:\/\/justintimeplumbingva.com\/wp-content\/uploads\/2025\/09\/Reparacion-y-sustitucion-de-bombas-de-sumidero-1-150x150.webp 150w\" sizes=\"(max-width: 200px) 100vw, 200px\" \/>\t\t\t\t\t\t\t\t\t\t\t\t\t\t\t<\/div>\n\t\t<div class=\"elementor-element elementor-element-4a716c4 e-con-full e-flex e-con e-child\" data-id=\"4a716c4\" data-element_type=\"container\" data-e-type=\"container\">\n\t\t\t\t<div class=\"elementor-element elementor-element-4a664e9 elementor-widget elementor-widget-heading\" data-id=\"4a664e9\" data-element_type=\"widget\" data-e-type=\"widget\" data-widget_type=\"heading.default\">\n\t\t\t\t\t<h3 class=\"elementor-heading-title elementor-size-default\">Detecci\u00f3n de fugas menores y reparaci\u00f3n de tuber\u00edas<\/h3>\t\t\t\t<\/div>\n\t\t\t\t<div class=\"elementor-element elementor-element-d14f03a elementor-widget elementor-widget-text-editor\" data-id=\"d14f03a\" data-element_type=\"widget\" data-e-type=\"widget\" data-widget_type=\"text-editor.default\">\n\t\t\t\t\t\t\t\t\t<p data-start=\"613\" data-end=\"739\">Podemos localizar y corregir peque\u00f1as fugas en tuber\u00edas expuestas antes de que se conviertan en grandes problemas.<\/p>\t\t\t\t\t\t\t\t<\/div>\n\t\t\t\t<\/div>\n\t\t\t\t<\/div>\n\t\t\t\t<\/div>\n\t\t\t\t\t<\/div>\n\t\t\t\t<\/div>\n\t\t<div class=\"elementor-element elementor-element-dfb7766 e-flex e-con-boxed e-con e-parent\" data-id=\"dfb7766\" data-element_type=\"container\" data-e-type=\"container\" data-settings=\"{&quot;background_background&quot;:&quot;classic&quot;,&quot;shape_divider_top&quot;:&quot;arrow&quot;}\">\n\t\t\t\t\t<div class=\"e-con-inner\">\n\t\t\t\t<div class=\"elementor-shape elementor-shape-top\" aria-hidden=\"true\" data-negative=\"false\">\n\t\t\t<svg xmlns=\"http:\/\/www.w3.org\/2000\/svg\" viewbox=\"0 0 700 10\" preserveaspectratio=\"none\">\n\t<path class=\"elementor-shape-fill\" d=\"M350,10L340,0h20L350,10z\"\/>\n<\/svg>\t\t<\/div>\n\t\t<div class=\"elementor-element elementor-element-c3dec87 e-con-full e-flex elementor-invisible e-con e-child\" data-id=\"c3dec87\" data-element_type=\"container\" data-e-type=\"container\" data-settings=\"{&quot;animation&quot;:&quot;fadeIn&quot;,&quot;animation_delay&quot;:100}\">\n\t\t\t\t<div class=\"elementor-element elementor-element-346d865 elementor-widget elementor-widget-heading\" data-id=\"346d865\" data-element_type=\"widget\" data-e-type=\"widget\" data-widget_type=\"heading.default\">\n\t\t\t\t\t<h2 class=\"elementor-heading-title elementor-size-default\">Para todas sus necesidades de fontaner\u00eda en el hogar, conf\u00ede en los expertos. <br><span class=\"colortitulo\">Contacte Con Nosotros Hoy!<\/span><\/h2>\t\t\t\t<\/div>\n\t\t\t\t<div class=\"elementor-element elementor-element-6867110 elementor-widget elementor-widget-button\" data-id=\"6867110\" data-element_type=\"widget\" data-e-type=\"widget\" data-widget_type=\"button.default\">\n\t\t\t\t\t\t\t\t\t\t<a class=\"elementor-button elementor-button-link elementor-size-sm\" href=\"tel:+17573762552\" target=\"_blank\">\n\t\t\t\t\t\t<span class=\"elementor-button-content-wrapper\">\n\t\t\t\t\t\t\t\t\t<span class=\"elementor-button-text\">Ll\u00e1menos hoy al (757) 376-2552<\/span>\n\t\t\t\t\t<\/span>\n\t\t\t\t\t<\/a>\n\t\t\t\t\t\t\t\t<\/div>\n\t\t\t\t<\/div>\n\t\t\t\t\t<\/div>\n\t\t\t\t<\/div>\n\t\t\t\t<\/div>","protected":false},"excerpt":{"rendered":"<p>General Plumbing Repair &amp; Services Your Go-To Solution for Everyday Plumbing Problems From a constantly dripping faucet to a toilet that won&#8217;t stop running, even small plumbing issues can disrupt your day and waste water and money. At Just In Time Plumbing, we believe that no job is too small for professional attention. We provide [&hellip;]<\/p>","protected":false},"author":2,"featured_media":0,"parent":0,"menu_order":0,"comment_status":"closed","ping_status":"closed","template":"","meta":{"footnotes":""},"class_list":["post-777","page","type-page","status-publish","hentry"],"_links":{"self":[{"href":"https:\/\/justintimeplumbingva.com\/es\/wp-json\/wp\/v2\/pages\/777","targetHints":{"allow":["GET"]}}],"collection":[{"href":"https:\/\/justintimeplumbingva.com\/es\/wp-json\/wp\/v2\/pages"}],"about":[{"href":"https:\/\/justintimeplumbingva.com\/es\/wp-json\/wp\/v2\/types\/page"}],"author":[{"embeddable":true,"href":"https:\/\/justintimeplumbingva.com\/es\/wp-json\/wp\/v2\/users\/2"}],"replies":[{"embeddable":true,"href":"https:\/\/justintimeplumbingva.com\/es\/wp-json\/wp\/v2\/comments?post=777"}],"version-history":[{"count":32,"href":"https:\/\/justintimeplumbingva.com\/es\/wp-json\/wp\/v2\/pages\/777\/revisions"}],"predecessor-version":[{"id":1460,"href":"https:\/\/justintimeplumbingva.com\/es\/wp-json\/wp\/v2\/pages\/777\/revisions\/1460"}],"wp:attachment":[{"href":"https:\/\/justintimeplumbingva.com\/es\/wp-json\/wp\/v2\/media?parent=777"}],"curies":[{"name":"wp","href":"https:\/\/api.w.org\/{rel}","templated":true}]}}